{"id":14,"date":"2024-08-27T13:35:55","date_gmt":"2024-08-27T13:35:55","guid":{"rendered":"https:\/\/hydri-energy.local\/?page_id=14"},"modified":"2024-11-26T15:08:50","modified_gmt":"2024-11-26T15:08:50","slug":"solutions","status":"publish","type":"page","link":"https:\/\/hydri.energy\/en\/losningar\/","title":{"rendered":"Hydrogen Solutions"},"content":{"rendered":"<div style=\"height:150px\" aria-hidden=\"true\" class=\"wp-block-spacer\"><\/div>\n\n\n\n<div class=\"wp-block-columns is-layout-flex wp-container-core-columns-is-layout-28f84493 wp-block-columns-is-layout-flex\">\n<div class=\"wp-block-column is-layout-flow wp-block-column-is-layout-flow\" style=\"flex-basis:50rem\">\n<h1 class=\"wp-block-heading gsap gsap--stagger-words translation-block\">End-to-End<br> <mark class=\"has-inline-color has-accent-200-color\">Green<\/mark>\n<mark class=\"has-inline-color has-accent-200-color\">Hydrogen<\/mark>\n<mark class=\"has-inline-color has-accent-200-color\">Solutions<\/mark>\u200b<\/h1>\n<\/div>\n\n\n\n<div class=\"wp-block-column is-layout-flow wp-block-column-is-layout-flow\"><\/div>\n<\/div>\n\n\n\n<div class=\"wp-block-columns is-layout-flex wp-container-core-columns-is-layout-28f84493 wp-block-columns-is-layout-flex\">\n<div class=\"wp-block-column is-layout-flow wp-block-column-is-layout-flow\" style=\"flex-basis:40%\">\n<p class=\"is-style-default gsap--slide-in gsap--y-25px gsap--delay-.5 gsap--duration-1 has-body-big-font-size\">We design, implement and manage turnkey hydrogen solutions that are tailored to meet our customers' needs.<\/p>\n\n\n\n<div data-target=\"#advisory-services\" data-behavior=\"smooth\" data-block=\"center\" data-inline=\"nearest\" class=\"wp-block-bz-scroll-to\">\n<div class=\"wp-block-button is-style-scroll-down-dark is-style-default gsap gsap--slide-in gsap--y-25px gsap--delay-.6 gsap--duration-1\"><a class=\"wp-block-button__link wp-element-button\">&#8212;<\/a><\/div>\n<\/div>\n<\/div>\n\n\n\n<div class=\"wp-block-column is-layout-flow wp-block-column-is-layout-flow\" style=\"flex-basis:50%\"><\/div>\n<\/div>\n\n\n\n<div style=\"height:100px\" aria-hidden=\"true\" class=\"wp-block-spacer\"><\/div>\n\n\n\n<figure class=\"wp-block-video alignfull is-style-rounded-lg w-wide-video\" style=\"margin-top:var(--wp--preset--spacing--90);margin-right:0;margin-bottom:var(--wp--preset--spacing--90);margin-left:0\" data-gsap-parallax=\"\"><video height=\"860\" style=\"aspect-ratio: 1528 \/ 860;\" width=\"1528\" autoplay loop muted src=\"https:\/\/hydri.energy\/wp-content\/uploads\/2024\/09\/Hydrogen-solutions-cut-2-860px.mp4\" playsinline><\/video><\/figure>\n\n\n\n<div class=\"wp-block-columns gsap--slide-in-y gsap--y-50px gsap--start-top_bottom-=10% is-layout-flex wp-container-core-columns-is-layout-d3f28d37 wp-block-columns-is-layout-flex\" id=\"advisory-services\" style=\"margin-top:var(--wp--preset--spacing--90);margin-bottom:var(--wp--preset--spacing--90)\">\n<div class=\"wp-block-column is-layout-flow wp-container-core-column-is-layout-28242b6c wp-block-column-is-layout-flow\">\n<h2 class=\"wp-block-heading has-body-font-size\" style=\"font-style:normal;font-weight:400;letter-spacing:0.04em;text-transform:uppercase\">Advisory Services &amp; Engineering<\/h2>\n\n\n\n<p class=\"has-large-heading-font-size\">Our experts guide you through every step of <mark style=\"background-color:rgba(0, 0, 0, 0)\" class=\"has-inline-color has-accent-200-color\">integrating hydrogen<\/mark> into your operations<\/p>\n\n\n\n<p style=\"margin-top:var(--wp--preset--spacing--50)\">Whether you\u2019re looking to decarbonize your processes, develop sustainable energy solutions, or explore new hydrogen opportunities, our engineering team is here to help you discover the opportunities of the hydrogen economy.<\/p>\n\n\n\n<p style=\"margin-top:var(--wp--preset--spacing--30)\">From feasibility studies to strategic planning, we provide the insights and knowledge necessary to make informed decisions.<\/p>\n<\/div>\n\n\n\n<div class=\"wp-block-column is-layout-flow wp-block-column-is-layout-flow\">\n<figure class=\"wp-block-image size-half-content has-custom-border is-style-default\"><img decoding=\"async\" width=\"768\" height=\"566\" src=\"https:\/\/hydri.energy\/wp-content\/uploads\/2024\/09\/c0aa2b75393ef4b9a4e4c0a03b72082a-768x566.jpg\" alt=\"\" class=\"wp-image-432\" style=\"border-radius:24px;aspect-ratio:1;object-fit:cover\" srcset=\"https:\/\/hydri.energy\/wp-content\/uploads\/2024\/09\/c0aa2b75393ef4b9a4e4c0a03b72082a-768x566.jpg 768w, https:\/\/hydri.energy\/wp-content\/uploads\/2024\/09\/c0aa2b75393ef4b9a4e4c0a03b72082a-720x531.jpg 720w, https:\/\/hydri.energy\/wp-content\/uploads\/2024\/09\/c0aa2b75393ef4b9a4e4c0a03b72082a-1440x1062.jpg 1440w, https:\/\/hydri.energy\/wp-content\/uploads\/2024\/09\/c0aa2b75393ef4b9a4e4c0a03b72082a-425x313.jpg 425w, https:\/\/hydri.energy\/wp-content\/uploads\/2024\/09\/c0aa2b75393ef4b9a4e4c0a03b72082a-1536x1133.jpg 1536w, https:\/\/hydri.energy\/wp-content\/uploads\/2024\/09\/c0aa2b75393ef4b9a4e4c0a03b72082a-1736x1280.jpg 1736w, https:\/\/hydri.energy\/wp-content\/uploads\/2024\/09\/c0aa2b75393ef4b9a4e4c0a03b72082a.jpg 1774w\" sizes=\"(max-width: 768px) 100vw, 768px\" \/><\/figure>\n<\/div>\n<\/div>\n\n\n\n<hr class=\"wp-block-separator has-alpha-channel-opacity block-visibility-hide-small-screen\"\/>\n\n\n\n<div class=\"wp-block-columns is-layout-flex wp-container-core-columns-is-layout-d3f28d37 wp-block-columns-is-layout-flex\" id=\"turnkey-solutions\" style=\"margin-top:var(--wp--preset--spacing--90);margin-bottom:var(--wp--preset--spacing--90)\">\n<div class=\"wp-block-column is-layout-flow wp-block-column-is-layout-flow\">\n<figure class=\"wp-block-image size-half-content has-custom-border is-style-default\"><img decoding=\"async\" width=\"768\" height=\"512\" src=\"https:\/\/hydri.energy\/wp-content\/uploads\/2024\/09\/e233cc816a93dfa92a45ea386d7fda65-768x512.jpg\" alt=\"\" class=\"wp-image-443\" style=\"border-radius:24px;aspect-ratio:1;object-fit:cover\" srcset=\"https:\/\/hydri.energy\/wp-content\/uploads\/2024\/09\/e233cc816a93dfa92a45ea386d7fda65-768x512.jpg 768w, https:\/\/hydri.energy\/wp-content\/uploads\/2024\/09\/e233cc816a93dfa92a45ea386d7fda65-720x480.jpg 720w, https:\/\/hydri.energy\/wp-content\/uploads\/2024\/09\/e233cc816a93dfa92a45ea386d7fda65-1440x960.jpg 1440w, https:\/\/hydri.energy\/wp-content\/uploads\/2024\/09\/e233cc816a93dfa92a45ea386d7fda65-425x283.jpg 425w, https:\/\/hydri.energy\/wp-content\/uploads\/2024\/09\/e233cc816a93dfa92a45ea386d7fda65-1536x1023.jpg 1536w, https:\/\/hydri.energy\/wp-content\/uploads\/2024\/09\/e233cc816a93dfa92a45ea386d7fda65-1920x1280.jpg 1920w, https:\/\/hydri.energy\/wp-content\/uploads\/2024\/09\/e233cc816a93dfa92a45ea386d7fda65.jpg 2038w\" sizes=\"(max-width: 768px) 100vw, 768px\" \/><\/figure>\n<\/div>\n\n\n\n<div class=\"wp-block-column is-layout-flow wp-container-core-column-is-layout-28242b6c wp-block-column-is-layout-flow\">\n<h2 class=\"wp-block-heading has-body-font-size\" style=\"font-style:normal;font-weight:400;letter-spacing:0.04em;text-transform:uppercase\">Turnkey Solutions<\/h2>\n\n\n\n<p class=\"has-large-heading-font-size\">We offer comprehensive turnkey solutions that <mark style=\"background-color:rgba(0, 0, 0, 0)\" class=\"has-inline-color has-accent-200-color\">cover every aspect<\/mark> of hydrogen infrastructure<\/p>\n\n\n\n<p style=\"margin-top:var(--wp--preset--spacing--50);margin-bottom:var(--wp--preset--spacing--60)\">We tailor hydrogen solutions that are fully customizable and designed to meet your unique needs, ensuring that every turnkey system is built around your specific goals and requirements.<\/p>\n\n\n\n<div class=\"bz-accordion\"><div id=\"bz-accordion-eef79a38-0372-4f27-b385-661c0b9eb722-header\" class=\"bz-accordion__header\" tabindex=\"0\" role=\"button\" aria-controls=\"bz-accordion-eef79a38-0372-4f27-b385-661c0b9eb722-panel\" aria-expanded=\"false\"><svg width=\"14\" height=\"23\" viewbox=\"0 0 14 23\" fill=\"none\" xmlns=\"http:\/\/www.w3.org\/2000\/svg\"><path id=\"Vector 68\" d=\"M1.46582 0.895996L12.0933 11.5237L1.46582 22.1512\" stroke=\"currentColor\" stroke-width=\"2\"><\/path><\/svg><h3>Read more<\/h3><\/div><section id=\"bz-accordion-eef79a38-0372-4f27-b385-661c0b9eb722-panel\" class=\"bz-accordion__panel\" aria-labelledby=\"bz-accordion-eef79a38-0372-4f27-b385-661c0b9eb722-header\">\n<p class=\"has-body-heading-font-size\" style=\"margin-bottom:var(--wp--preset--spacing--10)\">Hydrogen production<\/p>\n\n\n\n<p class=\"has-body-font-size\" style=\"margin-top:var(--wp--preset--spacing--10)\">Our hydrogen solutions are fully customizable to meet your specific needs, offering flexible production options from renewable energy sources or directly from the grid.<\/p>\n\n\n\n<p class=\"has-body-heading-font-size\" style=\"margin-bottom:var(--wp--preset--spacing--10)\">Hydrogen Storage &amp; Distribution<\/p>\n\n\n\n<p class=\"has-body-font-size\" style=\"margin-top:var(--wp--preset--spacing--10)\">We are ready to enhance your installation with optional add-ons, including customized hydrogen storage solutions or the integration of electromobility for hydrogen refueling and battery electric vehicle charging.<\/p>\n<\/section><\/div>\n<\/div>\n<\/div>\n\n\n\n<hr class=\"wp-block-separator has-alpha-channel-opacity block-visibility-hide-small-screen\"\/>\n\n\n\n<div class=\"wp-block-columns is-layout-flex wp-container-core-columns-is-layout-d3f28d37 wp-block-columns-is-layout-flex\" id=\"service-and-maintenance\" style=\"margin-top:var(--wp--preset--spacing--90);margin-bottom:var(--wp--preset--spacing--90)\">\n<div class=\"wp-block-column is-layout-flow wp-container-core-column-is-layout-28242b6c wp-block-column-is-layout-flow\">\n<h2 class=\"wp-block-heading has-body-font-size\" style=\"font-style:normal;font-weight:400;letter-spacing:0.04em;text-transform:uppercase\">Services and Maintenance<\/h2>\n\n\n\n<p class=\"has-large-heading-font-size\">We offer tailored service and maintenance solutions for dependable operation and <mark style=\"background-color:rgba(0, 0, 0, 0)\" class=\"has-inline-color has-accent-200-color\">peace of mind<\/mark><\/p>\n\n\n\n<p class=\"has-body-big-font-size\" style=\"margin-top:var(--wp--preset--spacing--50);margin-bottom:var(--wp--preset--spacing--50)\">We accompany you through commissioning, service and maintenance, ensuring a holistic and reliable approach to hydrogen integration and maintenance.<\/p>\n\n\n\n<div class=\"bz-accordion\"><div id=\"bz-accordion-eef79a38-0372-4f27-b385-661c0b9eb722-header\" class=\"bz-accordion__header\" tabindex=\"0\" role=\"button\" aria-controls=\"bz-accordion-eef79a38-0372-4f27-b385-661c0b9eb722-panel\" aria-expanded=\"false\"><svg width=\"14\" height=\"23\" viewbox=\"0 0 14 23\" fill=\"none\" xmlns=\"http:\/\/www.w3.org\/2000\/svg\"><path id=\"Vector 68\" d=\"M1.46582 0.895996L12.0933 11.5237L1.46582 22.1512\" stroke=\"currentColor\" stroke-width=\"2\"><\/path><\/svg><h3>Read more<\/h3><\/div><section id=\"bz-accordion-eef79a38-0372-4f27-b385-661c0b9eb722-panel\" class=\"bz-accordion__panel\" aria-labelledby=\"bz-accordion-eef79a38-0372-4f27-b385-661c0b9eb722-header\">\n<p class=\"has-body-heading-font-size\" style=\"margin-top:var(--wp--preset--spacing--10);margin-bottom:var(--wp--preset--spacing--10)\">Preventive Maintenance<\/p>\n\n\n\n<p class=\"has-body-font-size\" style=\"margin-top:var(--wp--preset--spacing--10)\">Our specialized engineers conduct regular inspections where we thoroughly test and validate the system ensuring safety and efficiency.<\/p>\n\n\n\n<p class=\"has-body-heading-font-size\" style=\"margin-top:var(--wp--preset--spacing--10);margin-bottom:var(--wp--preset--spacing--10)\">Optimizing performance<\/p>\n\n\n\n<p class=\"has-body-font-size\" style=\"margin-top:var(--wp--preset--spacing--10)\">Our skilled team manages the day-to-day operations of your hydrogen system solution. We monitor key parameters and troubleshoot issues quickly. Due to our quick response times and expertise, we maximize uptime to make sure your system is operating continuously and at its highest potential.<\/p>\n\n\n\n<p class=\"has-body-heading-font-size\" style=\"margin-top:var(--wp--preset--spacing--10);margin-bottom:var(--wp--preset--spacing--10)\">Extended lifetime<\/p>\n\n\n\n<p class=\"has-body-font-size\" style=\"margin-top:var(--wp--preset--spacing--10)\">We prioritize robust and reliable systems that last. Our maintenance teams uphold industry standards, regulatory requirements, and safety, maximizing the return on your hydrogen investment by extending the lifespan of your solution.<\/p>\n<\/section><\/div>\n<\/div>\n\n\n\n<div class=\"wp-block-column is-layout-flow wp-block-column-is-layout-flow\">\n<figure class=\"wp-block-image size-half-content has-custom-border is-style-default\"><img decoding=\"async\" width=\"1623\" height=\"1622\" src=\"https:\/\/hydri.energy\/wp-content\/uploads\/2024\/09\/2bca57eba97837231cff11deb611feb5-edited.jpg\" alt=\"\" class=\"wp-image-648\" style=\"border-radius:24px;aspect-ratio:1;object-fit:cover\" srcset=\"https:\/\/hydri.energy\/wp-content\/uploads\/2024\/09\/2bca57eba97837231cff11deb611feb5-edited.jpg 1623w, https:\/\/hydri.energy\/wp-content\/uploads\/2024\/09\/2bca57eba97837231cff11deb611feb5-edited-720x720.jpg 720w, https:\/\/hydri.energy\/wp-content\/uploads\/2024\/09\/2bca57eba97837231cff11deb611feb5-edited-1440x1440.jpg 1440w, https:\/\/hydri.energy\/wp-content\/uploads\/2024\/09\/2bca57eba97837231cff11deb611feb5-edited-250x250.jpg 250w, https:\/\/hydri.energy\/wp-content\/uploads\/2024\/09\/2bca57eba97837231cff11deb611feb5-edited-768x768.jpg 768w, https:\/\/hydri.energy\/wp-content\/uploads\/2024\/09\/2bca57eba97837231cff11deb611feb5-edited-425x425.jpg 425w, https:\/\/hydri.energy\/wp-content\/uploads\/2024\/09\/2bca57eba97837231cff11deb611feb5-edited-1281x1280.jpg 1281w\" sizes=\"(max-width: 1623px) 100vw, 1623px\" \/><\/figure>\n<\/div>\n<\/div>","protected":false},"excerpt":{"rendered":"<p>Helt\u00e4ckande v\u00e4tgasl\u00f6sningar Vi designar, implementerar och f\u00f6rvaltar helhetsl\u00f6sningar f\u00f6r v\u00e4tgas som \u00e4r skr\u00e4ddarsydda f\u00f6r v\u00e5ra kunder. R\u00e5dgivning och teknikkonsultation V\u00e5ra experter v\u00e4gleder dig genom varje steg som kr\u00e4vs f\u00f6r att integrera v\u00e4tgas i din verksamhet Oavsett om du vill minska koldioxidutsl\u00e4ppen i dina processer, utveckla h\u00e5llbara energil\u00f6sningar eller utforska nya m\u00f6jligheter med v\u00e4tgas, kan v\u00e5rt [&hellip;]<\/p>\n","protected":false},"author":1,"featured_media":0,"parent":0,"menu_order":0,"comment_status":"closed","ping_status":"closed","template":"page-no-title","meta":{"_acf_changed":false,"inline_featured_image":false,"footnotes":""},"class_list":["post-14","page","type-page","status-publish","hentry"],"acf":[],"yoast_head":"<!-- This site is optimized with the Yoast SEO plugin v27.5 - https:\/\/yoast.com\/product\/yoast-seo-wordpress\/ -->\n<title>V\u00e4tgasl\u00f6sningar - Hydri Energy<\/title>\n<meta name=\"description\" content=\"Vi designar, implementerar och f\u00f6rvaltar helhetsl\u00f6sningar f\u00f6r v\u00e4tgas som \u00e4r skr\u00e4ddarsydda f\u00f6r v\u00e5ra kunder.\" \/>\n<meta name=\"robots\" content=\"index, follow, max-snippet:-1, max-image-preview:large, max-video-preview:-1\" \/>\n<link rel=\"canonical\" href=\"https:\/\/hydri.energy\/en\/solutions\/\" \/>\n<meta property=\"og:locale\" content=\"en_US\" \/>\n<meta property=\"og:type\" content=\"article\" \/>\n<meta property=\"og:title\" content=\"V\u00e4tgasl\u00f6sningar - Hydri Energy\" \/>\n<meta property=\"og:description\" content=\"Vi designar, implementerar och f\u00f6rvaltar helhetsl\u00f6sningar f\u00f6r v\u00e4tgas som \u00e4r skr\u00e4ddarsydda f\u00f6r v\u00e5ra kunder.\" \/>\n<meta property=\"og:url\" content=\"https:\/\/hydri.energy\/en\/solutions\/\" \/>\n<meta property=\"og:site_name\" content=\"Hydri Energy\" \/>\n<meta property=\"article:modified_time\" content=\"2024-11-26T15:08:50+00:00\" \/>\n<meta property=\"og:image\" content=\"https:\/\/hydri.energy\/wp-content\/uploads\/2024\/09\/c0aa2b75393ef4b9a4e4c0a03b72082a.jpg\" \/>\n\t<meta property=\"og:image:width\" content=\"1774\" \/>\n\t<meta property=\"og:image:height\" content=\"1308\" \/>\n\t<meta property=\"og:image:type\" content=\"image\/jpeg\" \/>\n<meta name=\"twitter:card\" content=\"summary_large_image\" \/>\n<meta name=\"twitter:label1\" content=\"Est. reading time\" \/>\n\t<meta name=\"twitter:data1\" content=\"3 minutes\" \/>\n<script type=\"application\/ld+json\" class=\"yoast-schema-graph\">{\"@context\":\"https:\\\/\\\/schema.org\",\"@graph\":[{\"@type\":\"WebPage\",\"@id\":\"https:\\\/\\\/hydri.energy\\\/losningar\\\/\",\"url\":\"https:\\\/\\\/hydri.energy\\\/losningar\\\/\",\"name\":\"V\u00e4tgasl\u00f6sningar - Hydri Energy\",\"isPartOf\":{\"@id\":\"https:\\\/\\\/hydri.energy\\\/#website\"},\"primaryImageOfPage\":{\"@id\":\"https:\\\/\\\/hydri.energy\\\/losningar\\\/#primaryimage\"},\"image\":{\"@id\":\"https:\\\/\\\/hydri.energy\\\/losningar\\\/#primaryimage\"},\"thumbnailUrl\":\"https:\\\/\\\/hydri.energy\\\/wp-content\\\/uploads\\\/2024\\\/09\\\/c0aa2b75393ef4b9a4e4c0a03b72082a-768x566.jpg\",\"datePublished\":\"2024-08-27T13:35:55+00:00\",\"dateModified\":\"2024-11-26T15:08:50+00:00\",\"description\":\"Vi designar, implementerar och f\u00f6rvaltar helhetsl\u00f6sningar f\u00f6r v\u00e4tgas som \u00e4r skr\u00e4ddarsydda f\u00f6r v\u00e5ra kunder.\",\"breadcrumb\":{\"@id\":\"https:\\\/\\\/hydri.energy\\\/losningar\\\/#breadcrumb\"},\"inLanguage\":\"en-US\",\"potentialAction\":[{\"@type\":\"ReadAction\",\"target\":[\"https:\\\/\\\/hydri.energy\\\/losningar\\\/\"]}]},{\"@type\":\"ImageObject\",\"inLanguage\":\"en-US\",\"@id\":\"https:\\\/\\\/hydri.energy\\\/losningar\\\/#primaryimage\",\"url\":\"https:\\\/\\\/hydri.energy\\\/wp-content\\\/uploads\\\/2024\\\/09\\\/c0aa2b75393ef4b9a4e4c0a03b72082a-768x566.jpg\",\"contentUrl\":\"https:\\\/\\\/hydri.energy\\\/wp-content\\\/uploads\\\/2024\\\/09\\\/c0aa2b75393ef4b9a4e4c0a03b72082a-768x566.jpg\"},{\"@type\":\"BreadcrumbList\",\"@id\":\"https:\\\/\\\/hydri.energy\\\/losningar\\\/#breadcrumb\",\"itemListElement\":[{\"@type\":\"ListItem\",\"position\":1,\"name\":\"Home\",\"item\":\"https:\\\/\\\/hydri.energy\\\/\"},{\"@type\":\"ListItem\",\"position\":2,\"name\":\"V\u00e4tgasl\u00f6sningar\"}]},{\"@type\":\"WebSite\",\"@id\":\"https:\\\/\\\/hydri.energy\\\/#website\",\"url\":\"https:\\\/\\\/hydri.energy\\\/\",\"name\":\"Hydri Energy\",\"description\":\"The Hydrogen Powered Future is Here\",\"publisher\":{\"@id\":\"https:\\\/\\\/hydri.energy\\\/#organization\"},\"alternateName\":\"Hydri\",\"potentialAction\":[{\"@type\":\"SearchAction\",\"target\":{\"@type\":\"EntryPoint\",\"urlTemplate\":\"https:\\\/\\\/hydri.energy\\\/?s={search_term_string}\"},\"query-input\":{\"@type\":\"PropertyValueSpecification\",\"valueRequired\":true,\"valueName\":\"search_term_string\"}}],\"inLanguage\":\"en-US\"},{\"@type\":\"Organization\",\"@id\":\"https:\\\/\\\/hydri.energy\\\/#organization\",\"name\":\"Hydri Energy\",\"alternateName\":\"Hydri\",\"url\":\"https:\\\/\\\/hydri.energy\\\/\",\"logo\":{\"@type\":\"ImageObject\",\"inLanguage\":\"en-US\",\"@id\":\"https:\\\/\\\/hydri.energy\\\/#\\\/schema\\\/logo\\\/image\\\/\",\"url\":\"https:\\\/\\\/hydri.energy\\\/wp-content\\\/uploads\\\/2024\\\/08\\\/hydri-logo-1.svg\",\"contentUrl\":\"https:\\\/\\\/hydri.energy\\\/wp-content\\\/uploads\\\/2024\\\/08\\\/hydri-logo-1.svg\",\"caption\":\"Hydri Energy\"},\"image\":{\"@id\":\"https:\\\/\\\/hydri.energy\\\/#\\\/schema\\\/logo\\\/image\\\/\"},\"sameAs\":[\"https:\\\/\\\/www.linkedin.com\\\/company\\\/hydri\\\/\"]}]}<\/script>\n<!-- \/ Yoast SEO plugin. -->","yoast_head_json":{"title":"Hydrogen Solutions - Hydri Energy","description":"We design, implement and manage turnkey hydrogen solutions that are tailored to meet our customers' needs.","robots":{"index":"index","follow":"follow","max-snippet":"max-snippet:-1","max-image-preview":"max-image-preview:large","max-video-preview":"max-video-preview:-1"},"canonical":"https:\/\/hydri.energy\/en\/solutions\/","og_locale":"en_US","og_type":"article","og_title":"V\u00e4tgasl\u00f6sningar - Hydri Energy","og_description":"Vi designar, implementerar och f\u00f6rvaltar helhetsl\u00f6sningar f\u00f6r v\u00e4tgas som \u00e4r skr\u00e4ddarsydda f\u00f6r v\u00e5ra kunder.","og_url":"https:\/\/hydri.energy\/en\/solutions\/","og_site_name":"Hydri Energy","article_modified_time":"2024-11-26T15:08:50+00:00","og_image":[{"width":1774,"height":1308,"url":"https:\/\/hydri.energy\/wp-content\/uploads\/2024\/09\/c0aa2b75393ef4b9a4e4c0a03b72082a.jpg","type":"image\/jpeg"}],"twitter_card":"summary_large_image","twitter_misc":{"Est. reading time":"3 minutes"},"schema":{"@context":"https:\/\/schema.org","@graph":[{"@type":"WebPage","@id":"https:\/\/hydri.energy\/losningar\/","url":"https:\/\/hydri.energy\/losningar\/","name":"Hydrogen Solutions - Hydri Energy","isPartOf":{"@id":"https:\/\/hydri.energy\/#website"},"primaryImageOfPage":{"@id":"https:\/\/hydri.energy\/losningar\/#primaryimage"},"image":{"@id":"https:\/\/hydri.energy\/losningar\/#primaryimage"},"thumbnailUrl":"https:\/\/hydri.energy\/wp-content\/uploads\/2024\/09\/c0aa2b75393ef4b9a4e4c0a03b72082a-768x566.jpg","datePublished":"2024-08-27T13:35:55+00:00","dateModified":"2024-11-26T15:08:50+00:00","description":"We design, implement and manage turnkey hydrogen solutions that are tailored to meet our customers' needs.","breadcrumb":{"@id":"https:\/\/hydri.energy\/losningar\/#breadcrumb"},"inLanguage":"en-US","potentialAction":[{"@type":"ReadAction","target":["https:\/\/hydri.energy\/losningar\/"]}]},{"@type":"ImageObject","inLanguage":"en-US","@id":"https:\/\/hydri.energy\/losningar\/#primaryimage","url":"https:\/\/hydri.energy\/wp-content\/uploads\/2024\/09\/c0aa2b75393ef4b9a4e4c0a03b72082a-768x566.jpg","contentUrl":"https:\/\/hydri.energy\/wp-content\/uploads\/2024\/09\/c0aa2b75393ef4b9a4e4c0a03b72082a-768x566.jpg"},{"@type":"BreadcrumbList","@id":"https:\/\/hydri.energy\/losningar\/#breadcrumb","itemListElement":[{"@type":"ListItem","position":1,"name":"Home","item":"https:\/\/hydri.energy\/"},{"@type":"ListItem","position":2,"name":"V\u00e4tgasl\u00f6sningar"}]},{"@type":"WebSite","@id":"https:\/\/hydri.energy\/#website","url":"https:\/\/hydri.energy\/","name":"Hydri Energy","description":"The Hydrogen Powered Future is Here","publisher":{"@id":"https:\/\/hydri.energy\/#organization"},"alternateName":"Hydri","potentialAction":[{"@type":"SearchAction","target":{"@type":"EntryPoint","urlTemplate":"https:\/\/hydri.energy\/?s={search_term_string}"},"query-input":{"@type":"PropertyValueSpecification","valueRequired":true,"valueName":"search_term_string"}}],"inLanguage":"en-US"},{"@type":"Organization","@id":"https:\/\/hydri.energy\/#organization","name":"Hydri Energy","alternateName":"Hydri","url":"https:\/\/hydri.energy\/","logo":{"@type":"ImageObject","inLanguage":"en-US","@id":"https:\/\/hydri.energy\/#\/schema\/logo\/image\/","url":"https:\/\/hydri.energy\/wp-content\/uploads\/2024\/08\/hydri-logo-1.svg","contentUrl":"https:\/\/hydri.energy\/wp-content\/uploads\/2024\/08\/hydri-logo-1.svg","caption":"Hydri Energy"},"image":{"@id":"https:\/\/hydri.energy\/#\/schema\/logo\/image\/"},"sameAs":["https:\/\/www.linkedin.com\/company\/hydri\/"]}]}},"_links":{"self":[{"href":"https:\/\/hydri.energy\/en\/wp-json\/wp\/v2\/pages\/14","targetHints":{"allow":["GET"]}}],"collection":[{"href":"https:\/\/hydri.energy\/en\/wp-json\/wp\/v2\/pages"}],"about":[{"href":"https:\/\/hydri.energy\/en\/wp-json\/wp\/v2\/types\/page"}],"author":[{"embeddable":true,"href":"https:\/\/hydri.energy\/en\/wp-json\/wp\/v2\/users\/1"}],"replies":[{"embeddable":true,"href":"https:\/\/hydri.energy\/en\/wp-json\/wp\/v2\/comments?post=14"}],"version-history":[{"count":0,"href":"https:\/\/hydri.energy\/en\/wp-json\/wp\/v2\/pages\/14\/revisions"}],"wp:attachment":[{"href":"https:\/\/hydri.energy\/en\/wp-json\/wp\/v2\/media?parent=14"}],"curies":[{"name":"wp","href":"https:\/\/api.w.org\/{rel}","templated":true}]}}