{"id":16,"date":"2024-08-27T13:36:40","date_gmt":"2024-08-27T13:36:40","guid":{"rendered":"https:\/\/hydri-energy.local\/?page_id=16"},"modified":"2025-03-31T18:49:52","modified_gmt":"2025-03-31T18:49:52","slug":"about","status":"publish","type":"page","link":"https:\/\/hydri.energy\/en\/om\/","title":{"rendered":"About Hydri"},"content":{"rendered":"<div style=\"height:150px\" aria-hidden=\"true\" class=\"wp-block-spacer\"><\/div>\n\n\n\n<div class=\"wp-block-columns is-layout-flex wp-container-core-columns-is-layout-28f84493 wp-block-columns-is-layout-flex\">\n<div class=\"wp-block-column is-layout-flow wp-block-column-is-layout-flow\" style=\"flex-basis:50rem\">\n<p class=\"gsap--slide-in gsap--y-25px gsap--duration-1.5 has-big-quote-font-size\" style=\"margin-bottom:var(--wp--preset--spacing--80)\">Powering a <mark style=\"background-color:rgba(0, 0, 0, 0)\" class=\"has-inline-color has-accent-200-color\">fossil-free future<\/mark>, with end-to-end hydrogen solutions and <mark style=\"background-color:rgba(0, 0, 0, 0)\" class=\"has-inline-color has-accent-200-color\">Sweden's largest hydrogen refueling<\/mark> network<\/p>\n<\/div>\n\n\n\n<div class=\"wp-block-column is-layout-flow wp-block-column-is-layout-flow\"><\/div>\n<\/div>\n\n\n\n<figure class=\"wp-block-image size-content gsap--slide-in gsap--y-25px gsap--duration-1.5 gsap--delay-.2 is-style-rounded-lg\"><img decoding=\"async\" width=\"1536\" height=\"863\" src=\"https:\/\/hydri.energy\/wp-content\/uploads\/2025\/01\/Road-with-a-truck-2-1536x863.jpg\" alt=\"\" class=\"wp-image-762\" srcset=\"https:\/\/hydri.energy\/wp-content\/uploads\/2025\/01\/Road-with-a-truck-2-1536x863.jpg 1536w, https:\/\/hydri.energy\/wp-content\/uploads\/2025\/01\/Road-with-a-truck-2-720x405.jpg 720w, https:\/\/hydri.energy\/wp-content\/uploads\/2025\/01\/Road-with-a-truck-2-1440x809.jpg 1440w, https:\/\/hydri.energy\/wp-content\/uploads\/2025\/01\/Road-with-a-truck-2-768x432.jpg 768w, https:\/\/hydri.energy\/wp-content\/uploads\/2025\/01\/Road-with-a-truck-2-425x239.jpg 425w, https:\/\/hydri.energy\/wp-content\/uploads\/2025\/01\/Road-with-a-truck-2-1920x1079.jpg 1920w, https:\/\/hydri.energy\/wp-content\/uploads\/2025\/01\/Road-with-a-truck-2.jpg 2048w\" sizes=\"(max-width: 1536px) 100vw, 1536px\" \/><\/figure>\n\n\n\n<div class=\"wp-block-columns is-layout-flex wp-container-core-columns-is-layout-4c1dd492 wp-block-columns-is-layout-flex\" style=\"margin-top:var(--wp--preset--spacing--80);margin-bottom:var(--wp--preset--spacing--80)\">\n<div class=\"wp-block-column is-layout-flow wp-block-column-is-layout-flow\" style=\"flex-basis:22.22%\">\n<h2 class=\"wp-block-heading has-medium-heading-font-size\">About Hydri<\/h2>\n<\/div>\n\n\n\n<div class=\"wp-block-column is-layout-flow wp-block-column-is-layout-flow\" style=\"flex-basis:60%\">\n<p class=\"is-style-max-content-width has-body-big-font-size\">Hydri is committed to disrupting the energy landscape through innovative green hydrogen infrastructure and tailored hydrogen energy solutions. By focusing on the whole value chain, we want to break out of the status quo and drive industries and communities toward a cleaner, zero-emission future. Our mission is to redefine energy standards and accelerate the transition to sustainability.<\/p>\n<\/div>\n\n\n\n<div class=\"wp-block-column is-layout-flow wp-block-column-is-layout-flow\" style=\"flex-basis:28%\"><\/div>\n<\/div>\n\n\n\n<div class=\"wp-block-group is-style-box-huge gsap--slide-in gsap--y-25px gsap--duration-1.5 is-layout-flow wp-container-core-group-is-layout-d7e64215 wp-block-group-is-layout-flow\">\n<p class=\"has-medium-heading-font-size\">Hydri is a <mark style=\"background-color:rgba(0, 0, 0, 0)\" class=\"has-inline-color has-accent-200-color\">Qarlbo Energy company<\/mark>. Qarlbo Energy is a Swedish investment firm, combining active, engaged ownership with industry expertise, a global network, and access to capital, paving the way to the energy transition.<\/p>\n\n\n\n<div class=\"wp-block-group is-nowrap is-layout-flex wp-container-core-group-is-layout-c1740a5a wp-block-group-is-layout-flex\">\n<figure class=\"wp-block-image size-full is-resized has-custom-border is-style-default\"><a href=\"https:\/\/www.qarlbo.com\/companies\/qarlbo-energy\"><img decoding=\"async\" width=\"92\" height=\"27\" src=\"https:\/\/hydri.energy\/wp-content\/uploads\/2024\/08\/qbo-energy.svg\" alt=\"\" class=\"wp-image-134\" style=\"border-radius:0px;width:150px;height:auto\"\/><\/a><\/figure>\n\n\n\n<figure class=\"wp-block-image size-large is-resized\"><img decoding=\"async\" width=\"151\" height=\"86\" src=\"https:\/\/hydri.energy\/wp-content\/uploads\/2024\/09\/klimat-klivet.svg\" alt=\"\" class=\"wp-image-555\" style=\"width:140px\"\/><\/figure>\n<\/div>\n<\/div>\n\n\n\n<div style=\"height:100px\" aria-hidden=\"true\" class=\"wp-block-spacer\"><\/div>\n\n\n\n<h2 class=\"wp-block-heading has-medium-heading-font-size\">Contact<\/h2>\n\n\n\n<p class=\"is-style-default has-body-heading-font-size\">Ready to lead the change?<\/p>\n\n\n\n<p class=\"is-style-default has-body-font-size\">Contact us to discover how your business can benefit<br>of our green hydrogen infrastructure and hydrogen solutions.<\/p>\n\n\n\n<div class=\"wp-block-columns is-layout-flex wp-container-core-columns-is-layout-cbe57604 wp-block-columns-is-layout-flex\">\n<div class=\"wp-block-column is-layout-flow wp-block-column-is-layout-flow\">\n<p class=\"has-body-heading-font-size\">Kamilla Bj\u00f6rkman<\/p>\n\n\n\n<p style=\"margin-top:var(--wp--preset--spacing--10);margin-bottom:var(--wp--preset--spacing--10)\">CEO<br>kamilla.bjorkman@hydri.energy<\/p>\n<\/div>\n\n\n\n<div class=\"wp-block-column is-layout-flow wp-block-column-is-layout-flow\">\n<p class=\"has-body-heading-font-size\">Michel Thomas<\/p>\n\n\n\n<p class=\"has-body-font-size\" style=\"margin-top:var(--wp--preset--spacing--10);margin-bottom:var(--wp--preset--spacing--10)\">Investor and Media relations<br>michel.thomas@qarlbo.com<\/p>\n<\/div>\n\n\n\n<div class=\"wp-block-column is-layout-flow wp-block-column-is-layout-flow\"><\/div>\n<\/div>\n\n\n\n<div style=\"height:50px\" aria-hidden=\"true\" class=\"wp-block-spacer\"><\/div>\n\n\n\n<div class=\"wp-block-group has-global-padding is-content-justification-left is-layout-constrained wp-container-core-group-is-layout-12dd3699 wp-block-group-is-layout-constrained\">\n<p class=\"is-style-max-width-700 has-medium-heading-font-size translation-block\">Are you looking for new opportunities? Help us <mark class=\"has-inline-color has-accent-200-color\">revolutionize<\/mark> energy for a better future.<\/p>\n<\/div>\n\n\n\n<div class=\"wp-block-buttons is-layout-flex wp-block-buttons-is-layout-flex\">\n<div class=\"wp-block-button is-style-arrow-right\"><a class=\"wp-block-button__link wp-element-button\" href=\"https:\/\/hydri.energy\/en\/career-2\/\">Job vacancies<\/a><\/div>\n<\/div>\n\n\n\n<div style=\"height:64px\" aria-hidden=\"true\" class=\"wp-block-spacer\"><\/div>\n\n\n\n<p><\/p>","protected":false},"excerpt":{"rendered":"<p>Vi banar v\u00e4g f\u00f6r en fossilfri framtid, med helhetsl\u00f6sningar f\u00f6r v\u00e4tgas och Sveriges st\u00f6rsta n\u00e4tverk av v\u00e4tgasstationer Om Hydri Hydri \u00e4r fast beslutna att f\u00f6r\u00e4ndra energilandskapet genom innovativ v\u00e4tgasinfrastruktur och skr\u00e4ddarsydda energil\u00f6sningar med gr\u00f6n v\u00e4tgas. Genom att fokusera p\u00e5 hela v\u00e4rdekedjan vill vi bryta det r\u00e5dande d\u00f6dl\u00e4get och driva industrier och samh\u00e4llen mot en koldioxidfri [&hellip;]<\/p>\n","protected":false},"author":1,"featured_media":0,"parent":0,"menu_order":0,"comment_status":"closed","ping_status":"closed","template":"page-no-title","meta":{"_acf_changed":false,"inline_featured_image":false,"footnotes":""},"class_list":["post-16","page","type-page","status-publish","hentry"],"acf":[],"yoast_head":"<!-- This site is optimized with the Yoast SEO plugin v27.5 - https:\/\/yoast.com\/product\/yoast-seo-wordpress\/ -->\n<title>Om Hydri - Hydri Energy<\/title>\n<meta name=\"description\" content=\"Hydri banar v\u00e4g f\u00f6r en fossilfri framtid med helhetsl\u00f6sningar f\u00f6r v\u00e4tgas och Sveriges st\u00f6rsta n\u00e4tverk av v\u00e4tgasstationer. L\u00e4s mer om v\u00e5rt uppdrag h\u00e4r.\" \/>\n<meta name=\"robots\" content=\"index, follow, max-snippet:-1, max-image-preview:large, max-video-preview:-1\" \/>\n<link rel=\"canonical\" href=\"https:\/\/hydri.energy\/en\/about\/\" \/>\n<meta property=\"og:locale\" content=\"en_US\" \/>\n<meta property=\"og:type\" content=\"article\" \/>\n<meta property=\"og:title\" content=\"Om Hydri - Hydri Energy\" \/>\n<meta property=\"og:description\" content=\"Hydri banar v\u00e4g f\u00f6r en fossilfri framtid med helhetsl\u00f6sningar f\u00f6r v\u00e4tgas och Sveriges st\u00f6rsta n\u00e4tverk av v\u00e4tgasstationer. L\u00e4s mer om v\u00e5rt uppdrag h\u00e4r.\" \/>\n<meta property=\"og:url\" content=\"https:\/\/hydri.energy\/en\/about\/\" \/>\n<meta property=\"og:site_name\" content=\"Hydri Energy\" \/>\n<meta property=\"article:modified_time\" content=\"2025-03-31T18:49:52+00:00\" \/>\n<meta property=\"og:image\" content=\"https:\/\/hydri.energy\/wp-content\/uploads\/2025\/01\/Road-with-a-truck-2.jpg\" \/>\n\t<meta property=\"og:image:width\" content=\"2048\" \/>\n\t<meta property=\"og:image:height\" content=\"1151\" \/>\n\t<meta property=\"og:image:type\" content=\"image\/jpeg\" \/>\n<meta name=\"twitter:card\" content=\"summary_large_image\" \/>\n<meta name=\"twitter:label1\" content=\"Est. reading time\" \/>\n\t<meta name=\"twitter:data1\" content=\"2 minutes\" \/>\n<script type=\"application\/ld+json\" class=\"yoast-schema-graph\">{\"@context\":\"https:\\\/\\\/schema.org\",\"@graph\":[{\"@type\":\"WebPage\",\"@id\":\"https:\\\/\\\/hydri.energy\\\/om\\\/\",\"url\":\"https:\\\/\\\/hydri.energy\\\/om\\\/\",\"name\":\"Om Hydri - Hydri Energy\",\"isPartOf\":{\"@id\":\"https:\\\/\\\/hydri.energy\\\/#website\"},\"primaryImageOfPage\":{\"@id\":\"https:\\\/\\\/hydri.energy\\\/om\\\/#primaryimage\"},\"image\":{\"@id\":\"https:\\\/\\\/hydri.energy\\\/om\\\/#primaryimage\"},\"thumbnailUrl\":\"https:\\\/\\\/hydri.energy\\\/wp-content\\\/uploads\\\/2025\\\/01\\\/Road-with-a-truck-2-1536x863.jpg\",\"datePublished\":\"2024-08-27T13:36:40+00:00\",\"dateModified\":\"2025-03-31T18:49:52+00:00\",\"description\":\"Hydri banar v\u00e4g f\u00f6r en fossilfri framtid med helhetsl\u00f6sningar f\u00f6r v\u00e4tgas och Sveriges st\u00f6rsta n\u00e4tverk av v\u00e4tgasstationer. L\u00e4s mer om v\u00e5rt uppdrag h\u00e4r.\",\"breadcrumb\":{\"@id\":\"https:\\\/\\\/hydri.energy\\\/om\\\/#breadcrumb\"},\"inLanguage\":\"en-US\",\"potentialAction\":[{\"@type\":\"ReadAction\",\"target\":[\"https:\\\/\\\/hydri.energy\\\/om\\\/\"]}]},{\"@type\":\"ImageObject\",\"inLanguage\":\"en-US\",\"@id\":\"https:\\\/\\\/hydri.energy\\\/om\\\/#primaryimage\",\"url\":\"https:\\\/\\\/hydri.energy\\\/wp-content\\\/uploads\\\/2025\\\/01\\\/Road-with-a-truck-2-1536x863.jpg\",\"contentUrl\":\"https:\\\/\\\/hydri.energy\\\/wp-content\\\/uploads\\\/2025\\\/01\\\/Road-with-a-truck-2-1536x863.jpg\"},{\"@type\":\"BreadcrumbList\",\"@id\":\"https:\\\/\\\/hydri.energy\\\/om\\\/#breadcrumb\",\"itemListElement\":[{\"@type\":\"ListItem\",\"position\":1,\"name\":\"Home\",\"item\":\"https:\\\/\\\/hydri.energy\\\/\"},{\"@type\":\"ListItem\",\"position\":2,\"name\":\"Om Hydri\"}]},{\"@type\":\"WebSite\",\"@id\":\"https:\\\/\\\/hydri.energy\\\/#website\",\"url\":\"https:\\\/\\\/hydri.energy\\\/\",\"name\":\"Hydri Energy\",\"description\":\"The Hydrogen Powered Future is Here\",\"publisher\":{\"@id\":\"https:\\\/\\\/hydri.energy\\\/#organization\"},\"alternateName\":\"Hydri\",\"potentialAction\":[{\"@type\":\"SearchAction\",\"target\":{\"@type\":\"EntryPoint\",\"urlTemplate\":\"https:\\\/\\\/hydri.energy\\\/?s={search_term_string}\"},\"query-input\":{\"@type\":\"PropertyValueSpecification\",\"valueRequired\":true,\"valueName\":\"search_term_string\"}}],\"inLanguage\":\"en-US\"},{\"@type\":\"Organization\",\"@id\":\"https:\\\/\\\/hydri.energy\\\/#organization\",\"name\":\"Hydri Energy\",\"alternateName\":\"Hydri\",\"url\":\"https:\\\/\\\/hydri.energy\\\/\",\"logo\":{\"@type\":\"ImageObject\",\"inLanguage\":\"en-US\",\"@id\":\"https:\\\/\\\/hydri.energy\\\/#\\\/schema\\\/logo\\\/image\\\/\",\"url\":\"https:\\\/\\\/hydri.energy\\\/wp-content\\\/uploads\\\/2024\\\/08\\\/hydri-logo-1.svg\",\"contentUrl\":\"https:\\\/\\\/hydri.energy\\\/wp-content\\\/uploads\\\/2024\\\/08\\\/hydri-logo-1.svg\",\"caption\":\"Hydri Energy\"},\"image\":{\"@id\":\"https:\\\/\\\/hydri.energy\\\/#\\\/schema\\\/logo\\\/image\\\/\"},\"sameAs\":[\"https:\\\/\\\/www.linkedin.com\\\/company\\\/hydri\\\/\"]}]}<\/script>\n<!-- \/ Yoast SEO plugin. -->","yoast_head_json":{"title":"About Hydri - Hydri Energy","description":"Hydri is paving the way for a fossil-free future with comprehensive hydrogen solutions and Sweden's largest network of hydrogen stations. Read more about our mission here.","robots":{"index":"index","follow":"follow","max-snippet":"max-snippet:-1","max-image-preview":"max-image-preview:large","max-video-preview":"max-video-preview:-1"},"canonical":"https:\/\/hydri.energy\/en\/about\/","og_locale":"en_US","og_type":"article","og_title":"Om Hydri - Hydri Energy","og_description":"Hydri banar v\u00e4g f\u00f6r en fossilfri framtid med helhetsl\u00f6sningar f\u00f6r v\u00e4tgas och Sveriges st\u00f6rsta n\u00e4tverk av v\u00e4tgasstationer. L\u00e4s mer om v\u00e5rt uppdrag h\u00e4r.","og_url":"https:\/\/hydri.energy\/en\/about\/","og_site_name":"Hydri Energy","article_modified_time":"2025-03-31T18:49:52+00:00","og_image":[{"width":2048,"height":1151,"url":"https:\/\/hydri.energy\/wp-content\/uploads\/2025\/01\/Road-with-a-truck-2.jpg","type":"image\/jpeg"}],"twitter_card":"summary_large_image","twitter_misc":{"Est. reading time":"2 minutes"},"schema":{"@context":"https:\/\/schema.org","@graph":[{"@type":"WebPage","@id":"https:\/\/hydri.energy\/om\/","url":"https:\/\/hydri.energy\/om\/","name":"About Hydri - Hydri Energy","isPartOf":{"@id":"https:\/\/hydri.energy\/#website"},"primaryImageOfPage":{"@id":"https:\/\/hydri.energy\/om\/#primaryimage"},"image":{"@id":"https:\/\/hydri.energy\/om\/#primaryimage"},"thumbnailUrl":"https:\/\/hydri.energy\/wp-content\/uploads\/2025\/01\/Road-with-a-truck-2-1536x863.jpg","datePublished":"2024-08-27T13:36:40+00:00","dateModified":"2025-03-31T18:49:52+00:00","description":"Hydri is paving the way for a fossil-free future with comprehensive hydrogen solutions and Sweden's largest network of hydrogen stations. Read more about our mission here.","breadcrumb":{"@id":"https:\/\/hydri.energy\/om\/#breadcrumb"},"inLanguage":"en-US","potentialAction":[{"@type":"ReadAction","target":["https:\/\/hydri.energy\/om\/"]}]},{"@type":"ImageObject","inLanguage":"en-US","@id":"https:\/\/hydri.energy\/om\/#primaryimage","url":"https:\/\/hydri.energy\/wp-content\/uploads\/2025\/01\/Road-with-a-truck-2-1536x863.jpg","contentUrl":"https:\/\/hydri.energy\/wp-content\/uploads\/2025\/01\/Road-with-a-truck-2-1536x863.jpg"},{"@type":"BreadcrumbList","@id":"https:\/\/hydri.energy\/om\/#breadcrumb","itemListElement":[{"@type":"ListItem","position":1,"name":"Home","item":"https:\/\/hydri.energy\/"},{"@type":"ListItem","position":2,"name":"Om Hydri"}]},{"@type":"WebSite","@id":"https:\/\/hydri.energy\/#website","url":"https:\/\/hydri.energy\/","name":"Hydri Energy","description":"The Hydrogen Powered Future is Here","publisher":{"@id":"https:\/\/hydri.energy\/#organization"},"alternateName":"Hydri","potentialAction":[{"@type":"SearchAction","target":{"@type":"EntryPoint","urlTemplate":"https:\/\/hydri.energy\/?s={search_term_string}"},"query-input":{"@type":"PropertyValueSpecification","valueRequired":true,"valueName":"search_term_string"}}],"inLanguage":"en-US"},{"@type":"Organization","@id":"https:\/\/hydri.energy\/#organization","name":"Hydri Energy","alternateName":"Hydri","url":"https:\/\/hydri.energy\/","logo":{"@type":"ImageObject","inLanguage":"en-US","@id":"https:\/\/hydri.energy\/#\/schema\/logo\/image\/","url":"https:\/\/hydri.energy\/wp-content\/uploads\/2024\/08\/hydri-logo-1.svg","contentUrl":"https:\/\/hydri.energy\/wp-content\/uploads\/2024\/08\/hydri-logo-1.svg","caption":"Hydri Energy"},"image":{"@id":"https:\/\/hydri.energy\/#\/schema\/logo\/image\/"},"sameAs":["https:\/\/www.linkedin.com\/company\/hydri\/"]}]}},"_links":{"self":[{"href":"https:\/\/hydri.energy\/en\/wp-json\/wp\/v2\/pages\/16","targetHints":{"allow":["GET"]}}],"collection":[{"href":"https:\/\/hydri.energy\/en\/wp-json\/wp\/v2\/pages"}],"about":[{"href":"https:\/\/hydri.energy\/en\/wp-json\/wp\/v2\/types\/page"}],"author":[{"embeddable":true,"href":"https:\/\/hydri.energy\/en\/wp-json\/wp\/v2\/users\/1"}],"replies":[{"embeddable":true,"href":"https:\/\/hydri.energy\/en\/wp-json\/wp\/v2\/comments?post=16"}],"version-history":[{"count":0,"href":"https:\/\/hydri.energy\/en\/wp-json\/wp\/v2\/pages\/16\/revisions"}],"wp:attachment":[{"href":"https:\/\/hydri.energy\/en\/wp-json\/wp\/v2\/media?parent=16"}],"curies":[{"name":"wp","href":"https:\/\/api.w.org\/{rel}","templated":true}]}}