{"id":19,"date":"2024-08-28T08:58:08","date_gmt":"2024-08-28T08:58:08","guid":{"rendered":"https:\/\/hydri-energy.local\/?page_id=19"},"modified":"2025-04-10T09:24:39","modified_gmt":"2025-04-10T09:24:39","slug":"contact","status":"publish","type":"page","link":"https:\/\/hydri.energy\/en\/kontakt\/","title":{"rendered":"Contact"},"content":{"rendered":"\n<div style=\"height:150px\" aria-hidden=\"true\" class=\"wp-block-spacer\"><\/div>\n\n\n\n<h1 class=\"wp-block-heading\">Kontakt<\/h1>\n\n\n\n<div class=\"wp-block-columns is-layout-flex wp-container-core-columns-is-layout-a5cf46d6 wp-block-columns-is-layout-flex\" style=\"margin-bottom:var(--wp--preset--spacing--40)\">\n<div class=\"wp-block-column is-layout-flow wp-block-column-is-layout-flow\" style=\"flex-basis:33.34%\">\n<div class=\"wp-block-group has-global-padding is-layout-constrained wp-block-group-is-layout-constrained\">\n<p class=\"is-style-max-content-width has-body-big-font-size\">Redo f\u00f6r en omst\u00e4llning? <br>Kontakta oss f\u00f6r att uppt\u00e4cka hur ditt f\u00f6retag kan dra nytta av v\u00e5r gr\u00f6na v\u00e4tgasinfrastruktur och v\u00e4tgasl\u00f6sningar.<\/p>\n<\/div>\n<\/div>\n\n\n\n<div class=\"wp-block-column is-layout-flow wp-block-column-is-layout-flow\" style=\"flex-basis:33.34%\"><\/div>\n\n\n\n<div class=\"wp-block-column is-layout-flow wp-block-column-is-layout-flow\" style=\"flex-basis:33.33%\"><\/div>\n<\/div>\n\n\n\n<div style=\"height:1rem\" aria-hidden=\"true\" class=\"wp-block-spacer\"><\/div>\n\n\n\n<div class=\"wp-block-columns is-layout-flex wp-container-core-columns-is-layout-cbe57604 wp-block-columns-is-layout-flex\">\n<div class=\"wp-block-column is-layout-flow wp-block-column-is-layout-flow\">\n<p class=\"has-body-heading-font-size\">Kamilla Bj\u00f6rkman<\/p>\n\n\n\n<p class=\"has-body-font-size\" style=\"margin-top:var(--wp--preset--spacing--10);margin-bottom:var(--wp--preset--spacing--10)\">Stationer, infrastruktur och v\u00e4tgasl\u00f6sningar<br>kamilla.bjorkman@hydri.energy<\/p>\n<\/div>\n\n\n\n<div class=\"wp-block-column is-layout-flow wp-block-column-is-layout-flow\">\n<p class=\"has-body-heading-font-size\"><\/p>\n\n\n\n<p class=\"has-body-font-size\" style=\"margin-top:var(--wp--preset--spacing--10);margin-bottom:var(--wp--preset--spacing--10)\"><\/p>\n<\/div>\n\n\n\n<div class=\"wp-block-column is-layout-flow wp-block-column-is-layout-flow\">\n<p class=\"has-body-heading-font-size\">Michel Thomas<\/p>\n\n\n\n<p class=\"has-body-font-size\" style=\"margin-top:var(--wp--preset--spacing--10);margin-bottom:var(--wp--preset--spacing--10)\">Press och investerare<br>michel.thomas@qarlbo.com<\/p>\n<\/div>\n\n\n\n<div class=\"wp-block-column is-layout-flow wp-block-column-is-layout-flow\"><\/div>\n<\/div>\n\n\n\n<div style=\"height:1rem\" aria-hidden=\"true\" class=\"wp-block-spacer\"><\/div>\n\n\n\n<div class=\"wp-block-columns is-style-default is-layout-flex wp-container-core-columns-is-layout-28f84493 wp-block-columns-is-layout-flex\">\n<div class=\"wp-block-column is-style-box-huge is-layout-flow wp-block-column-is-layout-flow\" style=\"flex-basis:100%\">\n<h2 class=\"wp-block-heading has-medium-heading-font-size\">Kontaktfomul\u00e4r<\/h2>\n\n\n\n<div class=\"wp-block-columns is-layout-flex wp-container-core-columns-is-layout-28f84493 wp-block-columns-is-layout-flex\">\n<div class=\"wp-block-column is-layout-flow wp-block-column-is-layout-flow\" style=\"flex-basis:40%\">\n<p>Fyll i formul\u00e4ret f\u00f6r att starta en konversation om dina behov inom v\u00e4tgasproduktion, lagring och tankning.<\/p>\n\n\n\n<p style=\"margin-top:var(--wp--preset--spacing--30)\">V\u00e5ra experter kommer snart att kontakta dig f\u00f6r att ge skr\u00e4ddarsydda insikter och st\u00f6d f\u00f6r dina projekt.<\/p>\n<\/div>\n\n\n\n<div class=\"wp-block-column is-layout-flow wp-block-column-is-layout-flow\"><\/div>\n<\/div>\n\n\n<div class=\"wpforms-container wpforms-container-full wpforms-block wpforms-block-ee4af2a0-6117-4609-9d48-b27aabf87158 wpforms-render-modern\" id=\"wpforms-18\"><form id=\"wpforms-form-18\" class=\"wpforms-validate wpforms-form wpforms-ajax-form\" data-formid=\"18\" method=\"post\" enctype=\"multipart\/form-data\" action=\"\/en\/wp-json\/wp\/v2\/pages\/19\" data-token=\"b27570df05cbce23c2f9494ef4978b49\" data-token-time=\"1776003122\"><noscript class=\"wpforms-error-noscript\">Please enable JavaScript in your browser to complete this form.<\/noscript><div id=\"wpforms-error-noscript\" style=\"display: none;\">Please enable JavaScript in your browser to complete this form.<\/div><div class=\"wpforms-field-container\"><div id=\"wpforms-18-field_6-container\" class=\"wpforms-field wpforms-field-radio\" data-field-id=\"6\"><fieldset><legend class=\"wpforms-field-label\">\u00c4rende <span class=\"wpforms-required-label\" aria-hidden=\"true\">*<\/span><\/legend><ul id=\"wpforms-18-field_6\" class=\"wpforms-field-required\"><li class=\"choice-1 depth-1\"><input type=\"radio\" id=\"wpforms-18-field_6_1\" name=\"wpforms[fields][6]\" value=\"F\u00e5 reda p\u00e5 mer om v\u00e4tgasl\u00f6sningar\" aria-errormessage=\"wpforms-18-field_6_1-error\" required ><label class=\"wpforms-field-label-inline\" for=\"wpforms-18-field_6_1\">F\u00e5 reda p\u00e5 mer om v\u00e4tgasl\u00f6sningar<\/label><\/li><li class=\"choice-2 depth-1\"><input type=\"radio\" id=\"wpforms-18-field_6_2\" name=\"wpforms[fields][6]\" value=\"V\u00e4tgasstationer och infrastruktur\" aria-errormessage=\"wpforms-18-field_6_2-error\" required ><label class=\"wpforms-field-label-inline\" for=\"wpforms-18-field_6_2\">V\u00e4tgasstationer och infrastruktur<\/label><\/li><li class=\"choice-3 depth-1\"><input type=\"radio\" id=\"wpforms-18-field_6_3\" name=\"wpforms[fields][6]\" value=\"S\u00e4lj\" aria-errormessage=\"wpforms-18-field_6_3-error\" required ><label class=\"wpforms-field-label-inline\" for=\"wpforms-18-field_6_3\">S\u00e4lj<\/label><\/li><li class=\"choice-9 depth-1\"><input type=\"radio\" id=\"wpforms-18-field_6_9\" name=\"wpforms[fields][6]\" value=\"Tankningskort\" aria-errormessage=\"wpforms-18-field_6_9-error\" required ><label class=\"wpforms-field-label-inline\" for=\"wpforms-18-field_6_9\">Tankningskort<\/label><\/li><li class=\"choice-6 depth-1\"><input type=\"radio\" id=\"wpforms-18-field_6_6\" name=\"wpforms[fields][6]\" value=\"Teknisk support\" aria-errormessage=\"wpforms-18-field_6_6-error\" required ><label class=\"wpforms-field-label-inline\" for=\"wpforms-18-field_6_6\">Teknisk support<\/label><\/li><li class=\"choice-7 depth-1\"><input type=\"radio\" id=\"wpforms-18-field_6_7\" name=\"wpforms[fields][6]\" value=\"Feedback\" aria-errormessage=\"wpforms-18-field_6_7-error\" required ><label class=\"wpforms-field-label-inline\" for=\"wpforms-18-field_6_7\">Feedback<\/label><\/li><li class=\"choice-10 depth-1\"><input type=\"radio\" id=\"wpforms-18-field_6_10\" name=\"wpforms[fields][6]\" value=\"F\u00e5 tillg\u00e5ng till p\u00e5verkansrapporten\" aria-errormessage=\"wpforms-18-field_6_10-error\" required ><label class=\"wpforms-field-label-inline\" for=\"wpforms-18-field_6_10\">F\u00e5 tillg\u00e5ng till p\u00e5verkansrapporten<\/label><\/li><li class=\"choice-8 depth-1\"><input type=\"radio\" id=\"wpforms-18-field_6_8\" name=\"wpforms[fields][6]\" value=\"Annat\" aria-errormessage=\"wpforms-18-field_6_8-error\" required ><label class=\"wpforms-field-label-inline\" for=\"wpforms-18-field_6_8\">Annat<\/label><\/li><\/ul><\/fieldset><\/div>\t\t<div id=\"wpforms-18-field_4-container\"\n\t\t\tclass=\"wpforms-field wpforms-field-text\"\n\t\t\tdata-field-type=\"text\"\n\t\t\tdata-field-id=\"4\"\n\t\t\t>\n\t\t\t<label class=\"wpforms-field-label\" for=\"wpforms-18-field_4\" >\u00c4rende Meddelande Namn<\/label>\n\t\t\t<input type=\"text\" id=\"wpforms-18-field_4\" class=\"wpforms-field-medium\" name=\"wpforms[fields][4]\" >\n\t\t<\/div>\n\t\t<div id=\"wpforms-18-field_1-container\" class=\"wpforms-field wpforms-field-name\" data-field-id=\"1\"><label class=\"wpforms-field-label\" for=\"wpforms-18-field_1\">Namn <span class=\"wpforms-required-label\" aria-hidden=\"true\">*<\/span><\/label><input type=\"text\" id=\"wpforms-18-field_1\" class=\"wpforms-field-medium wpforms-field-required\" name=\"wpforms[fields][1]\" aria-errormessage=\"wpforms-18-field_1-error\" required><\/div><div id=\"wpforms-18-field_5-container\" class=\"wpforms-field wpforms-field-text\" data-field-id=\"5\"><label class=\"wpforms-field-label\" for=\"wpforms-18-field_5\">F\u00f6retag<\/label><input type=\"text\" id=\"wpforms-18-field_5\" class=\"wpforms-field-medium\" name=\"wpforms[fields][5]\" aria-errormessage=\"wpforms-18-field_5-error\" ><\/div><div id=\"wpforms-18-field_2-container\" class=\"wpforms-field wpforms-field-email\" data-field-id=\"2\"><label class=\"wpforms-field-label\" for=\"wpforms-18-field_2\">Email <span class=\"wpforms-required-label\" aria-hidden=\"true\">*<\/span><\/label><input type=\"email\" id=\"wpforms-18-field_2\" class=\"wpforms-field-medium wpforms-field-required\" name=\"wpforms[fields][2]\" spellcheck=\"false\" aria-errormessage=\"wpforms-18-field_2-error\" required><\/div><div id=\"wpforms-18-field_3-container\" class=\"wpforms-field wpforms-field-textarea\" data-field-id=\"3\"><label class=\"wpforms-field-label\" for=\"wpforms-18-field_3\">Meddelande <span class=\"wpforms-required-label\" aria-hidden=\"true\">*<\/span><\/label><textarea id=\"wpforms-18-field_3\" class=\"wpforms-field-medium wpforms-field-required\" name=\"wpforms[fields][3]\" aria-errormessage=\"wpforms-18-field_3-error\" required><\/textarea><\/div><script>\n\t\t\t\t( function() {\n\t\t\t\t\tconst style = document.createElement( 'style' );\n\t\t\t\t\tstyle.appendChild( document.createTextNode( '#wpforms-18-field_4-container { position: absolute !important; overflow: hidden !important; display: inline !important; height: 1px !important; width: 1px !important; z-index: -1000 !important; padding: 0 !important; } #wpforms-18-field_4-container input { visibility: hidden; } #wpforms-conversational-form-page #wpforms-18-field_4-container label { counter-increment: none; }' ) );\n\t\t\t\t\tdocument.head.appendChild( style );\n\t\t\t\t\tdocument.currentScript?.remove();\n\t\t\t\t} )();\n\t\t\t<\/script><\/div><!-- .wpforms-field-container --><div class=\"wpforms-recaptcha-container wpforms-is-hcaptcha\" ><div class=\"h-captcha\" data-sitekey=\"ca1c672a-50b2-45e2-b61c-826e8c4ca2f4\"><\/div><input type=\"text\" name=\"g-recaptcha-hidden\" class=\"wpforms-recaptcha-hidden\" style=\"position:absolute!important;clip:rect(0,0,0,0)!important;height:1px!important;width:1px!important;border:0!important;overflow:hidden!important;padding:0!important;margin:0!important;\" data-rule-hcaptcha=\"1\"><\/div><div class=\"wpforms-submit-container\" ><input type=\"hidden\" name=\"wpforms[id]\" value=\"18\"><input type=\"hidden\" name=\"page_title\" value=\"\"><input type=\"hidden\" name=\"page_url\" value=\"https:\/\/hydri.energy\/en\/wp-json\/wp\/v2\/pages\/19\"><input type=\"hidden\" name=\"url_referer\" value=\"\"><button type=\"submit\" name=\"wpforms[submit]\" id=\"wpforms-submit-18\" class=\"wpforms-submit\" data-alt-text=\"Skickar...\" data-submit-text=\"Skicka\" aria-live=\"assertive\" value=\"wpforms-submit\">Skicka<\/button><img decoding=\"async\" src=\"https:\/\/hydri.energy\/wp-content\/plugins\/wpforms-lite\/assets\/images\/submit-spin.svg\" class=\"wpforms-submit-spinner\" style=\"display: none;\" width=\"26\" height=\"26\" alt=\"Loading\"><\/div><\/form><\/div>  <!-- .wpforms-container --><\/div>\n<\/div>\n","protected":false},"excerpt":{"rendered":"<p>Kontakt Redo f\u00f6r en omst\u00e4llning? Kontakta oss f\u00f6r att uppt\u00e4cka hur ditt f\u00f6retag kan dra nytta av v\u00e5r gr\u00f6na v\u00e4tgasinfrastruktur och v\u00e4tgasl\u00f6sningar. Kamilla Bj\u00f6rkman Stationer, infrastruktur och v\u00e4tgasl\u00f6sningarkamilla.bjorkman@hydri.energy Michel Thomas Press och investeraremichel.thomas@qarlbo.com Kontaktfomul\u00e4r Fyll i formul\u00e4ret f\u00f6r att starta en konversation om dina behov inom v\u00e4tgasproduktion, lagring och tankning. V\u00e5ra experter kommer snart att [&hellip;]<\/p>\n","protected":false},"author":1,"featured_media":0,"parent":0,"menu_order":0,"comment_status":"closed","ping_status":"closed","template":"page-no-title","meta":{"_acf_changed":false,"inline_featured_image":false,"footnotes":""},"class_list":["post-19","page","type-page","status-publish","hentry"],"acf":[],"yoast_head":"<!-- This site is optimized with the Yoast SEO plugin v27.3 - https:\/\/yoast.com\/product\/yoast-seo-wordpress\/ -->\n<title>Kontakt - Hydri Energy<\/title>\n<meta name=\"description\" content=\"Redo f\u00f6r en omst\u00e4llning? Kontakta oss f\u00f6r att uppt\u00e4cka hur ditt f\u00f6retag kan dra nytta av v\u00e5r gr\u00f6na v\u00e4tgasinfrastruktur och v\u00e4tgasl\u00f6sningar.\" \/>\n<meta name=\"robots\" content=\"index, follow, max-snippet:-1, max-image-preview:large, max-video-preview:-1\" \/>\n<link rel=\"canonical\" href=\"https:\/\/hydri.energy\/en\/contact\/\" \/>\n<meta property=\"og:locale\" content=\"en_US\" \/>\n<meta property=\"og:type\" content=\"article\" \/>\n<meta property=\"og:title\" content=\"Kontakt - Hydri Energy\" \/>\n<meta property=\"og:description\" content=\"Redo f\u00f6r en omst\u00e4llning? Kontakta oss f\u00f6r att uppt\u00e4cka hur ditt f\u00f6retag kan dra nytta av v\u00e5r gr\u00f6na v\u00e4tgasinfrastruktur och v\u00e4tgasl\u00f6sningar.\" \/>\n<meta property=\"og:url\" content=\"https:\/\/hydri.energy\/en\/contact\/\" \/>\n<meta property=\"og:site_name\" content=\"Hydri Energy\" \/>\n<meta property=\"article:modified_time\" content=\"2025-04-10T09:24:39+00:00\" \/>\n<meta property=\"og:image\" content=\"https:\/\/hydri.energy\/wp-content\/uploads\/2024\/09\/OG-image.jpg\" \/>\n\t<meta property=\"og:image:width\" content=\"1500\" \/>\n\t<meta property=\"og:image:height\" content=\"788\" \/>\n\t<meta property=\"og:image:type\" content=\"image\/jpeg\" \/>\n<meta name=\"twitter:card\" content=\"summary_large_image\" \/>\n<meta name=\"twitter:label1\" content=\"Est. reading time\" \/>\n\t<meta name=\"twitter:data1\" content=\"1 minute\" \/>\n<script type=\"application\/ld+json\" class=\"yoast-schema-graph\">{\"@context\":\"https:\\\/\\\/schema.org\",\"@graph\":[{\"@type\":\"WebPage\",\"@id\":\"https:\\\/\\\/hydri.energy\\\/kontakt\\\/\",\"url\":\"https:\\\/\\\/hydri.energy\\\/kontakt\\\/\",\"name\":\"Kontakt - Hydri Energy\",\"isPartOf\":{\"@id\":\"https:\\\/\\\/hydri.energy\\\/#website\"},\"datePublished\":\"2024-08-28T08:58:08+00:00\",\"dateModified\":\"2025-04-10T09:24:39+00:00\",\"description\":\"Redo f\u00f6r en omst\u00e4llning? Kontakta oss f\u00f6r att uppt\u00e4cka hur ditt f\u00f6retag kan dra nytta av v\u00e5r gr\u00f6na v\u00e4tgasinfrastruktur och v\u00e4tgasl\u00f6sningar.\",\"breadcrumb\":{\"@id\":\"https:\\\/\\\/hydri.energy\\\/kontakt\\\/#breadcrumb\"},\"inLanguage\":\"en-US\",\"potentialAction\":[{\"@type\":\"ReadAction\",\"target\":[\"https:\\\/\\\/hydri.energy\\\/kontakt\\\/\"]}]},{\"@type\":\"BreadcrumbList\",\"@id\":\"https:\\\/\\\/hydri.energy\\\/kontakt\\\/#breadcrumb\",\"itemListElement\":[{\"@type\":\"ListItem\",\"position\":1,\"name\":\"Home\",\"item\":\"https:\\\/\\\/hydri.energy\\\/\"},{\"@type\":\"ListItem\",\"position\":2,\"name\":\"Kontakt\"}]},{\"@type\":\"WebSite\",\"@id\":\"https:\\\/\\\/hydri.energy\\\/#website\",\"url\":\"https:\\\/\\\/hydri.energy\\\/\",\"name\":\"Hydri Energy\",\"description\":\"The Hydrogen Powered Future is Here\",\"publisher\":{\"@id\":\"https:\\\/\\\/hydri.energy\\\/#organization\"},\"alternateName\":\"Hydri\",\"potentialAction\":[{\"@type\":\"SearchAction\",\"target\":{\"@type\":\"EntryPoint\",\"urlTemplate\":\"https:\\\/\\\/hydri.energy\\\/?s={search_term_string}\"},\"query-input\":{\"@type\":\"PropertyValueSpecification\",\"valueRequired\":true,\"valueName\":\"search_term_string\"}}],\"inLanguage\":\"en-US\"},{\"@type\":\"Organization\",\"@id\":\"https:\\\/\\\/hydri.energy\\\/#organization\",\"name\":\"Hydri Energy\",\"alternateName\":\"Hydri\",\"url\":\"https:\\\/\\\/hydri.energy\\\/\",\"logo\":{\"@type\":\"ImageObject\",\"inLanguage\":\"en-US\",\"@id\":\"https:\\\/\\\/hydri.energy\\\/#\\\/schema\\\/logo\\\/image\\\/\",\"url\":\"https:\\\/\\\/hydri.energy\\\/wp-content\\\/uploads\\\/2024\\\/08\\\/hydri-logo-1.svg\",\"contentUrl\":\"https:\\\/\\\/hydri.energy\\\/wp-content\\\/uploads\\\/2024\\\/08\\\/hydri-logo-1.svg\",\"caption\":\"Hydri Energy\"},\"image\":{\"@id\":\"https:\\\/\\\/hydri.energy\\\/#\\\/schema\\\/logo\\\/image\\\/\"},\"sameAs\":[\"https:\\\/\\\/www.linkedin.com\\\/company\\\/hydri\\\/\"]}]}<\/script>\n<!-- \/ Yoast SEO plugin. -->","yoast_head_json":{"title":"Contact - Hydri Energy","description":"Ready to lead the change? Contact us to discover how your business can thrive with our green hydrogen infrastructure and energy solutions.","robots":{"index":"index","follow":"follow","max-snippet":"max-snippet:-1","max-image-preview":"max-image-preview:large","max-video-preview":"max-video-preview:-1"},"canonical":"https:\/\/hydri.energy\/en\/contact\/","og_locale":"en_US","og_type":"article","og_title":"Kontakt - Hydri Energy","og_description":"Redo f\u00f6r en omst\u00e4llning? Kontakta oss f\u00f6r att uppt\u00e4cka hur ditt f\u00f6retag kan dra nytta av v\u00e5r gr\u00f6na v\u00e4tgasinfrastruktur och v\u00e4tgasl\u00f6sningar.","og_url":"https:\/\/hydri.energy\/en\/contact\/","og_site_name":"Hydri Energy","article_modified_time":"2025-04-10T09:24:39+00:00","og_image":[{"width":1500,"height":788,"url":"https:\/\/hydri.energy\/wp-content\/uploads\/2024\/09\/OG-image.jpg","type":"image\/jpeg"}],"twitter_card":"summary_large_image","twitter_misc":{"Est. reading time":"1 minute"},"schema":{"@context":"https:\/\/schema.org","@graph":[{"@type":"WebPage","@id":"https:\/\/hydri.energy\/kontakt\/","url":"https:\/\/hydri.energy\/kontakt\/","name":"Contact - Hydri Energy","isPartOf":{"@id":"https:\/\/hydri.energy\/#website"},"datePublished":"2024-08-28T08:58:08+00:00","dateModified":"2025-04-10T09:24:39+00:00","description":"Ready to lead the change? Contact us to discover how your business can thrive with our green hydrogen infrastructure and energy solutions.","breadcrumb":{"@id":"https:\/\/hydri.energy\/kontakt\/#breadcrumb"},"inLanguage":"en-US","potentialAction":[{"@type":"ReadAction","target":["https:\/\/hydri.energy\/kontakt\/"]}]},{"@type":"BreadcrumbList","@id":"https:\/\/hydri.energy\/kontakt\/#breadcrumb","itemListElement":[{"@type":"ListItem","position":1,"name":"Home","item":"https:\/\/hydri.energy\/"},{"@type":"ListItem","position":2,"name":"Kontakt"}]},{"@type":"WebSite","@id":"https:\/\/hydri.energy\/#website","url":"https:\/\/hydri.energy\/","name":"Hydri Energy","description":"The Hydrogen Powered Future is Here","publisher":{"@id":"https:\/\/hydri.energy\/#organization"},"alternateName":"Hydri","potentialAction":[{"@type":"SearchAction","target":{"@type":"EntryPoint","urlTemplate":"https:\/\/hydri.energy\/?s={search_term_string}"},"query-input":{"@type":"PropertyValueSpecification","valueRequired":true,"valueName":"search_term_string"}}],"inLanguage":"en-US"},{"@type":"Organization","@id":"https:\/\/hydri.energy\/#organization","name":"Hydri Energy","alternateName":"Hydri","url":"https:\/\/hydri.energy\/","logo":{"@type":"ImageObject","inLanguage":"en-US","@id":"https:\/\/hydri.energy\/#\/schema\/logo\/image\/","url":"https:\/\/hydri.energy\/wp-content\/uploads\/2024\/08\/hydri-logo-1.svg","contentUrl":"https:\/\/hydri.energy\/wp-content\/uploads\/2024\/08\/hydri-logo-1.svg","caption":"Hydri Energy"},"image":{"@id":"https:\/\/hydri.energy\/#\/schema\/logo\/image\/"},"sameAs":["https:\/\/www.linkedin.com\/company\/hydri\/"]}]}},"_links":{"self":[{"href":"https:\/\/hydri.energy\/en\/wp-json\/wp\/v2\/pages\/19","targetHints":{"allow":["GET"]}}],"collection":[{"href":"https:\/\/hydri.energy\/en\/wp-json\/wp\/v2\/pages"}],"about":[{"href":"https:\/\/hydri.energy\/en\/wp-json\/wp\/v2\/types\/page"}],"author":[{"embeddable":true,"href":"https:\/\/hydri.energy\/en\/wp-json\/wp\/v2\/users\/1"}],"replies":[{"embeddable":true,"href":"https:\/\/hydri.energy\/en\/wp-json\/wp\/v2\/comments?post=19"}],"version-history":[{"count":0,"href":"https:\/\/hydri.energy\/en\/wp-json\/wp\/v2\/pages\/19\/revisions"}],"wp:attachment":[{"href":"https:\/\/hydri.energy\/en\/wp-json\/wp\/v2\/media?parent=19"}],"curies":[{"name":"wp","href":"https:\/\/api.w.org\/{rel}","templated":true}]}}