{"id":710,"date":"2024-11-26T07:47:16","date_gmt":"2024-11-26T07:47:16","guid":{"rendered":"https:\/\/hydri-energy.local\/?page_id=710"},"modified":"2024-11-28T09:13:49","modified_gmt":"2024-11-28T09:13:49","slug":"career-2","status":"publish","type":"page","link":"https:\/\/hydri.energy\/en\/karriar\/","title":{"rendered":"Career"},"content":{"rendered":"<div class=\"wp-block-group has-global-padding is-content-justification-left is-layout-constrained wp-container-core-group-is-layout-12dd3699 wp-block-group-is-layout-constrained\">\n<p class=\"is-style-max-width-700 gsap--slide-in gsap--y-50px gsap--duration-2 gsap--delay-0.2 gsap--start-top_bottom-=20% has-body-big-font-size\" style=\"margin-bottom:var(--wp--preset--spacing--70)\">Ready to power the future? Join us in revolutionizing energy with our cutting-edge hydrogen infrastructure solutions. Explore career opportunities below.<\/p>\n\n\n\n<figure class=\"wp-block-image size-content gsap--slide-in gsap--y-50px gsap--duration-2 gsap--delay-0.4 gsap--start-top_bottom-=20%\"><img decoding=\"async\" width=\"1536\" height=\"1024\" src=\"https:\/\/hydri.energy\/wp-content\/uploads\/2024\/11\/career_page-1536x1024.jpg\" alt=\"\" class=\"wp-image-740\" srcset=\"https:\/\/hydri.energy\/wp-content\/uploads\/2024\/11\/career_page-1536x1024.jpg 1536w, https:\/\/hydri.energy\/wp-content\/uploads\/2024\/11\/career_page-720x480.jpg 720w, https:\/\/hydri.energy\/wp-content\/uploads\/2024\/11\/career_page-1440x960.jpg 1440w, https:\/\/hydri.energy\/wp-content\/uploads\/2024\/11\/career_page-768x512.jpg 768w, https:\/\/hydri.energy\/wp-content\/uploads\/2024\/11\/career_page-425x283.jpg 425w, https:\/\/hydri.energy\/wp-content\/uploads\/2024\/11\/career_page-1920x1280.jpg 1920w, https:\/\/hydri.energy\/wp-content\/uploads\/2024\/11\/career_page.jpg 2000w\" sizes=\"(max-width: 1536px) 100vw, 1536px\" \/><\/figure>\n<\/div>\n\n\n\n<div style=\"height:16px\" aria-hidden=\"true\" class=\"wp-block-spacer\"><\/div>\n\n\n<svg xmlns=\"http:\/\/www.w3.org\/2000\/svg\" style=\"height: 0; width: 0; padding: 0; margin: 0;\">\r\n\t<symbol id=\"clock\" viewbox=\"0 0 19 19\">\r\n\t\t<path\r\n\t\t\td=\"M13.7859 1.80264C15.1186 2.57216 16.2273 3.67642 17.0022 5.0061C17.777 6.33578 18.1911 7.84477 18.2036 9.38369C18.216 10.9226 17.8263 12.4381 17.073 13.7801C16.3198 15.1221 15.2291 16.2442 13.9089 17.0351C12.5887 17.8261 11.0849 18.2585 9.54624 18.2897C8.00759 18.3208 6.48747 17.9496 5.13639 17.2127C3.78531 16.4758 2.65011 15.3988 1.84316 14.0884C1.03622 12.7779 0.585514 11.2794 0.535668 9.74126L0.53125 9.45496L0.535668 9.16866C0.585155 7.64261 1.02922 6.15542 1.82458 4.85207C2.61994 3.54873 3.73944 2.47372 5.07395 1.73184C6.40846 0.989963 7.91243 0.606537 9.43924 0.618944C10.966 0.631351 12.4636 1.03917 13.7859 1.80264ZM9.36766 4.15312C9.15122 4.15315 8.94233 4.23261 8.78059 4.37643C8.61885 4.52025 8.51552 4.71843 8.4902 4.93338L8.48402 5.03676V9.45496L8.49197 9.57072C8.51212 9.72403 8.57214 9.86937 8.66605 9.99222L8.74292 10.0806L11.3938 12.7315L11.4769 12.804C11.6319 12.9242 11.8224 12.9895 12.0186 12.9895C12.2147 12.9895 12.4053 12.9242 12.5603 12.804L12.6433 12.7306L12.7167 12.6476C12.8369 12.4926 12.9021 12.302 12.9021 12.1059C12.9021 11.9097 12.8369 11.7192 12.7167 11.5642L12.6433 11.4812L10.2513 9.08825V5.03676L10.2451 4.93338C10.2198 4.71843 10.1165 4.52025 9.95472 4.37643C9.79299 4.23261 9.58409 4.15315 9.36766 4.15312Z\"\r\n\t\t\tfill=\"currentColor\" \/>\r\n\t<\/symbol>\r\n\r\n\t<symbol id=\"location-pin\" viewbox=\"0 0 13 19\">\r\n\t\t<path\r\n\t\t\td=\"M12.5317 6.74819C12.5317 5.91876 12.3696 5.09744 12.0547 4.33114C11.7398 3.56484 11.2783 2.86856 10.6964 2.28206C10.1146 1.69556 9.42386 1.23032 8.66366 0.912911C7.90345 0.595499 7.08867 0.432129 6.26583 0.432129C5.44299 0.432129 4.6282 0.595499 3.868 0.912911C3.10779 1.23032 2.41705 1.69556 1.83522 2.28206C1.25338 2.86856 0.791845 3.56484 0.476958 4.33114C0.16207 5.09744 -1.22613e-08 5.91876 0 6.74819C0 7.99968 0.366103 9.16364 0.989106 10.1453H0.981945L6.26583 18.478L11.5497 10.1453H11.5434C12.1888 9.1317 12.5318 7.9526 12.5317 6.74819ZM6.26583 9.45508C5.55363 9.45508 4.8706 9.16989 4.36699 8.66225C3.86339 8.15461 3.58047 7.4661 3.58047 6.74819C3.58047 6.03028 3.86339 5.34178 4.36699 4.83414C4.8706 4.3265 5.55363 4.04131 6.26583 4.04131C6.97803 4.04131 7.66106 4.3265 8.16466 4.83414C8.66826 5.34178 8.95118 6.03028 8.95118 6.74819C8.95118 7.4661 8.66826 8.15461 8.16466 8.66225C7.66106 9.16989 6.97803 9.45508 6.26583 9.45508Z\"\r\n\t\t\tfill=\"currentColor\" \/>\r\n\t<\/symbol>\r\n<\/svg>\r\n<div class=\"wp-block-bz-jobylon-list\">\r\n\r\n\t\t\t<div class=\"no-jobs gsap--slide-in gsap--y-50px gsap--duration-2 gsap--delay-0.2 gsap--start-top_bottom+=20%\">\r\n\t\t\t<h2>Currently there are no open positions<\/h2>\r\n\t\t\t<p>However, we\u2019re always looking for passionate individuals who want to make a difference in the future of clean energy. Feel free to check back later or send us your CV to be considered for upcoming opportunities.<\/p>\r\n\t\t\t\r\n\t\t\t<div class=\"wp-block-buttons is-layout-flex wp-block-buttons-is-layout-flex\">\r\n\t\t\t\t<div class=\"wp-block-button is-style-arrow-right\">\r\n\t\t\t\t\t<a class=\"wp-block-button__link wp-element-button\" target=\"_blank\" href=\"https:\/\/hydri.energy\/en\/contact\/\">Contact us<\/a>\r\n\t\t\t\t<\/div>\r\n\t\t\t<\/div>\r\n\t\t<\/div>\r\n\t<\/div>\r\n\r\n\n\n\n<div style=\"height:64px\" aria-hidden=\"true\" class=\"wp-block-spacer\"><\/div>","protected":false},"excerpt":{"rendered":"<p>Ready to power the future? Join us in revolutionizing energy with our cutting-edge hydrogen infrastructure solutions. Explore career opportunities below.<\/p>","protected":false},"author":1,"featured_media":0,"parent":0,"menu_order":0,"comment_status":"closed","ping_status":"closed","template":"","meta":{"_acf_changed":false,"inline_featured_image":false,"footnotes":""},"class_list":["post-710","page","type-page","status-publish","hentry"],"acf":[],"yoast_head":"<!-- This site is optimized with the Yoast SEO plugin v27.4 - https:\/\/yoast.com\/product\/yoast-seo-wordpress\/ -->\n<title>Karri\u00e4r - Hydri Energy<\/title>\n<meta name=\"robots\" content=\"index, follow, max-snippet:-1, max-image-preview:large, max-video-preview:-1\" \/>\n<link rel=\"canonical\" href=\"https:\/\/hydri.energy\/en\/career-2\/\" \/>\n<meta property=\"og:locale\" content=\"en_US\" \/>\n<meta property=\"og:type\" content=\"article\" \/>\n<meta property=\"og:title\" content=\"Karri\u00e4r - Hydri Energy\" \/>\n<meta property=\"og:description\" content=\"\u00c4r du redo att driva framtiden? Hj\u00e4lp oss att revolutionera energibranchen med v\u00e5ra banbrytande infrastrukturl\u00f6sningar f\u00f6r v\u00e4tgas. Utforska karri\u00e4rm\u00f6jligheterna nedan.\" \/>\n<meta property=\"og:url\" content=\"https:\/\/hydri.energy\/en\/career-2\/\" \/>\n<meta property=\"og:site_name\" content=\"Hydri Energy\" \/>\n<meta property=\"article:modified_time\" content=\"2024-11-28T09:13:49+00:00\" \/>\n<meta property=\"og:image\" content=\"https:\/\/hydri.energy\/wp-content\/uploads\/2024\/11\/career_page.jpg\" \/>\n\t<meta property=\"og:image:width\" content=\"2000\" \/>\n\t<meta property=\"og:image:height\" content=\"1333\" \/>\n\t<meta property=\"og:image:type\" content=\"image\/jpeg\" \/>\n<meta name=\"twitter:card\" content=\"summary_large_image\" \/>\n<meta name=\"twitter:label1\" content=\"Est. reading time\" \/>\n\t<meta name=\"twitter:data1\" content=\"1 minute\" \/>\n<script type=\"application\/ld+json\" class=\"yoast-schema-graph\">{\"@context\":\"https:\\\/\\\/schema.org\",\"@graph\":[{\"@type\":\"WebPage\",\"@id\":\"https:\\\/\\\/hydri.energy\\\/karriar\\\/\",\"url\":\"https:\\\/\\\/hydri.energy\\\/karriar\\\/\",\"name\":\"Karri\u00e4r - Hydri Energy\",\"isPartOf\":{\"@id\":\"https:\\\/\\\/hydri.energy\\\/#website\"},\"primaryImageOfPage\":{\"@id\":\"https:\\\/\\\/hydri.energy\\\/karriar\\\/#primaryimage\"},\"image\":{\"@id\":\"https:\\\/\\\/hydri.energy\\\/karriar\\\/#primaryimage\"},\"thumbnailUrl\":\"https:\\\/\\\/hydri.energy\\\/wp-content\\\/uploads\\\/2024\\\/11\\\/career_page-1536x1024.jpg\",\"datePublished\":\"2024-11-26T07:47:16+00:00\",\"dateModified\":\"2024-11-28T09:13:49+00:00\",\"breadcrumb\":{\"@id\":\"https:\\\/\\\/hydri.energy\\\/karriar\\\/#breadcrumb\"},\"inLanguage\":\"en-US\",\"potentialAction\":[{\"@type\":\"ReadAction\",\"target\":[\"https:\\\/\\\/hydri.energy\\\/karriar\\\/\"]}]},{\"@type\":\"ImageObject\",\"inLanguage\":\"en-US\",\"@id\":\"https:\\\/\\\/hydri.energy\\\/karriar\\\/#primaryimage\",\"url\":\"https:\\\/\\\/hydri.energy\\\/wp-content\\\/uploads\\\/2024\\\/11\\\/career_page-1536x1024.jpg\",\"contentUrl\":\"https:\\\/\\\/hydri.energy\\\/wp-content\\\/uploads\\\/2024\\\/11\\\/career_page-1536x1024.jpg\"},{\"@type\":\"BreadcrumbList\",\"@id\":\"https:\\\/\\\/hydri.energy\\\/karriar\\\/#breadcrumb\",\"itemListElement\":[{\"@type\":\"ListItem\",\"position\":1,\"name\":\"Home\",\"item\":\"https:\\\/\\\/hydri.energy\\\/\"},{\"@type\":\"ListItem\",\"position\":2,\"name\":\"Karri\u00e4r\"}]},{\"@type\":\"WebSite\",\"@id\":\"https:\\\/\\\/hydri.energy\\\/#website\",\"url\":\"https:\\\/\\\/hydri.energy\\\/\",\"name\":\"Hydri Energy\",\"description\":\"The Hydrogen Powered Future is Here\",\"publisher\":{\"@id\":\"https:\\\/\\\/hydri.energy\\\/#organization\"},\"alternateName\":\"Hydri\",\"potentialAction\":[{\"@type\":\"SearchAction\",\"target\":{\"@type\":\"EntryPoint\",\"urlTemplate\":\"https:\\\/\\\/hydri.energy\\\/?s={search_term_string}\"},\"query-input\":{\"@type\":\"PropertyValueSpecification\",\"valueRequired\":true,\"valueName\":\"search_term_string\"}}],\"inLanguage\":\"en-US\"},{\"@type\":\"Organization\",\"@id\":\"https:\\\/\\\/hydri.energy\\\/#organization\",\"name\":\"Hydri Energy\",\"alternateName\":\"Hydri\",\"url\":\"https:\\\/\\\/hydri.energy\\\/\",\"logo\":{\"@type\":\"ImageObject\",\"inLanguage\":\"en-US\",\"@id\":\"https:\\\/\\\/hydri.energy\\\/#\\\/schema\\\/logo\\\/image\\\/\",\"url\":\"https:\\\/\\\/hydri.energy\\\/wp-content\\\/uploads\\\/2024\\\/08\\\/hydri-logo-1.svg\",\"contentUrl\":\"https:\\\/\\\/hydri.energy\\\/wp-content\\\/uploads\\\/2024\\\/08\\\/hydri-logo-1.svg\",\"caption\":\"Hydri Energy\"},\"image\":{\"@id\":\"https:\\\/\\\/hydri.energy\\\/#\\\/schema\\\/logo\\\/image\\\/\"},\"sameAs\":[\"https:\\\/\\\/www.linkedin.com\\\/company\\\/hydri\\\/\"]}]}<\/script>\n<!-- \/ Yoast SEO plugin. -->","yoast_head_json":{"title":"Careers - Hydri Energy","robots":{"index":"index","follow":"follow","max-snippet":"max-snippet:-1","max-image-preview":"max-image-preview:large","max-video-preview":"max-video-preview:-1"},"canonical":"https:\/\/hydri.energy\/en\/career-2\/","og_locale":"en_US","og_type":"article","og_title":"Karri\u00e4r - Hydri Energy","og_description":"\u00c4r du redo att driva framtiden? Hj\u00e4lp oss att revolutionera energibranchen med v\u00e5ra banbrytande infrastrukturl\u00f6sningar f\u00f6r v\u00e4tgas. Utforska karri\u00e4rm\u00f6jligheterna nedan.","og_url":"https:\/\/hydri.energy\/en\/career-2\/","og_site_name":"Hydri Energy","article_modified_time":"2024-11-28T09:13:49+00:00","og_image":[{"width":2000,"height":1333,"url":"https:\/\/hydri.energy\/wp-content\/uploads\/2024\/11\/career_page.jpg","type":"image\/jpeg"}],"twitter_card":"summary_large_image","twitter_misc":{"Est. reading time":"1 minute"},"schema":{"@context":"https:\/\/schema.org","@graph":[{"@type":"WebPage","@id":"https:\/\/hydri.energy\/karriar\/","url":"https:\/\/hydri.energy\/karriar\/","name":"Careers - Hydri Energy","isPartOf":{"@id":"https:\/\/hydri.energy\/#website"},"primaryImageOfPage":{"@id":"https:\/\/hydri.energy\/karriar\/#primaryimage"},"image":{"@id":"https:\/\/hydri.energy\/karriar\/#primaryimage"},"thumbnailUrl":"https:\/\/hydri.energy\/wp-content\/uploads\/2024\/11\/career_page-1536x1024.jpg","datePublished":"2024-11-26T07:47:16+00:00","dateModified":"2024-11-28T09:13:49+00:00","breadcrumb":{"@id":"https:\/\/hydri.energy\/karriar\/#breadcrumb"},"inLanguage":"en-US","potentialAction":[{"@type":"ReadAction","target":["https:\/\/hydri.energy\/karriar\/"]}]},{"@type":"ImageObject","inLanguage":"en-US","@id":"https:\/\/hydri.energy\/karriar\/#primaryimage","url":"https:\/\/hydri.energy\/wp-content\/uploads\/2024\/11\/career_page-1536x1024.jpg","contentUrl":"https:\/\/hydri.energy\/wp-content\/uploads\/2024\/11\/career_page-1536x1024.jpg"},{"@type":"BreadcrumbList","@id":"https:\/\/hydri.energy\/karriar\/#breadcrumb","itemListElement":[{"@type":"ListItem","position":1,"name":"Home","item":"https:\/\/hydri.energy\/"},{"@type":"ListItem","position":2,"name":"Karri\u00e4r"}]},{"@type":"WebSite","@id":"https:\/\/hydri.energy\/#website","url":"https:\/\/hydri.energy\/","name":"Hydri Energy","description":"The Hydrogen Powered Future is Here","publisher":{"@id":"https:\/\/hydri.energy\/#organization"},"alternateName":"Hydri","potentialAction":[{"@type":"SearchAction","target":{"@type":"EntryPoint","urlTemplate":"https:\/\/hydri.energy\/?s={search_term_string}"},"query-input":{"@type":"PropertyValueSpecification","valueRequired":true,"valueName":"search_term_string"}}],"inLanguage":"en-US"},{"@type":"Organization","@id":"https:\/\/hydri.energy\/#organization","name":"Hydri Energy","alternateName":"Hydri","url":"https:\/\/hydri.energy\/","logo":{"@type":"ImageObject","inLanguage":"en-US","@id":"https:\/\/hydri.energy\/#\/schema\/logo\/image\/","url":"https:\/\/hydri.energy\/wp-content\/uploads\/2024\/08\/hydri-logo-1.svg","contentUrl":"https:\/\/hydri.energy\/wp-content\/uploads\/2024\/08\/hydri-logo-1.svg","caption":"Hydri Energy"},"image":{"@id":"https:\/\/hydri.energy\/#\/schema\/logo\/image\/"},"sameAs":["https:\/\/www.linkedin.com\/company\/hydri\/"]}]}},"_links":{"self":[{"href":"https:\/\/hydri.energy\/en\/wp-json\/wp\/v2\/pages\/710","targetHints":{"allow":["GET"]}}],"collection":[{"href":"https:\/\/hydri.energy\/en\/wp-json\/wp\/v2\/pages"}],"about":[{"href":"https:\/\/hydri.energy\/en\/wp-json\/wp\/v2\/types\/page"}],"author":[{"embeddable":true,"href":"https:\/\/hydri.energy\/en\/wp-json\/wp\/v2\/users\/1"}],"replies":[{"embeddable":true,"href":"https:\/\/hydri.energy\/en\/wp-json\/wp\/v2\/comments?post=710"}],"version-history":[{"count":0,"href":"https:\/\/hydri.energy\/en\/wp-json\/wp\/v2\/pages\/710\/revisions"}],"wp:attachment":[{"href":"https:\/\/hydri.energy\/en\/wp-json\/wp\/v2\/media?parent=710"}],"curies":[{"name":"wp","href":"https:\/\/api.w.org\/{rel}","templated":true}]}}