{"id":750,"date":"2024-12-19T10:17:27","date_gmt":"2024-12-19T10:17:27","guid":{"rendered":"https:\/\/hydri.energy\/?page_id=750"},"modified":"2025-02-10T12:59:14","modified_gmt":"2025-02-10T12:59:14","slug":"hydricard","status":"publish","type":"page","link":"https:\/\/hydri.energy\/en\/hydricard\/","title":{"rendered":"HydriCard"},"content":{"rendered":"<div style=\"height:2em\" aria-hidden=\"true\" class=\"wp-block-spacer\"><\/div>\n\n\n\n<div style=\"height:100px\" aria-hidden=\"true\" class=\"wp-block-spacer\"><\/div>\n\n\n\n<h1 class=\"wp-block-heading gsap--stagger-words\">Hydri<mark style=\"background-color:rgba(0, 0, 0, 0)\" class=\"has-inline-color has-accent-200-color\">Card<\/mark><\/h1>\n\n\n\n<div class=\"wp-block-columns is-layout-flex wp-container-core-columns-is-layout-28f84493 wp-block-columns-is-layout-flex\">\n<div class=\"wp-block-column is-layout-flow wp-block-column-is-layout-flow\" style=\"flex-basis:50%\">\n<p class=\"is-style-max-width-475 gsap--slide-in-y gsap--delay-.5 has-body-big-font-size\">HydriCard is a convenient way to keep track of fuel consumption and the cost of company vehicles.<\/p>\n\n\n\n<p class=\"is-style-max-width-475 gsap--slide-in-y gsap--delay-.5 has-body-big-font-size\">The HydriCard works like a debit card with a PIN code and can be used to pay for hydrogen at all Hydri filling stations in Sweden.<\/p>\n\n\n\n<div data-target=\"#get-hydricard\" data-behavior=\"smooth\" data-block=\"center\" data-inline=\"nearest\" class=\"wp-block-bz-scroll-to\">\n<div class=\"wp-block-button is-style-scroll-down-dark gsap--slide-in-y gsap--delay-.6\"><a class=\"wp-block-button__link wp-element-button\">&#8212;<\/a><\/div>\n<\/div>\n<\/div>\n\n\n\n<div class=\"wp-block-column is-layout-flow wp-block-column-is-layout-flow\" style=\"flex-basis:50%\"><\/div>\n<\/div>\n\n\n\n<div style=\"height:2em\" aria-hidden=\"true\" class=\"wp-block-spacer\"><\/div>\n\n\n\n<figure class=\"wp-block-image size-full\"><img decoding=\"async\" width=\"2121\" height=\"1193\" src=\"https:\/\/hydri.energy\/wp-content\/uploads\/2024\/12\/truck-forest-edited.jpg\" alt=\"\" class=\"wp-image-753\" srcset=\"https:\/\/hydri.energy\/wp-content\/uploads\/2024\/12\/truck-forest-edited.jpg 2121w, https:\/\/hydri.energy\/wp-content\/uploads\/2024\/12\/truck-forest-edited-720x405.jpg 720w, https:\/\/hydri.energy\/wp-content\/uploads\/2024\/12\/truck-forest-edited-1440x810.jpg 1440w, https:\/\/hydri.energy\/wp-content\/uploads\/2024\/12\/truck-forest-edited-768x432.jpg 768w, https:\/\/hydri.energy\/wp-content\/uploads\/2024\/12\/truck-forest-edited-425x239.jpg 425w, https:\/\/hydri.energy\/wp-content\/uploads\/2024\/12\/truck-forest-edited-1536x864.jpg 1536w, https:\/\/hydri.energy\/wp-content\/uploads\/2024\/12\/truck-forest-edited-1920x1080.jpg 1920w\" sizes=\"(max-width: 2121px) 100vw, 2121px\" \/><\/figure>\n\n\n\n<div style=\"height:2em\" aria-hidden=\"true\" class=\"wp-block-spacer\"><\/div>\n\n\n\n<div class=\"wp-block-columns is-layout-flex wp-container-core-columns-is-layout-28f84493 wp-block-columns-is-layout-flex\">\n<div class=\"wp-block-column is-layout-flow wp-block-column-is-layout-flow\" style=\"flex-basis:50%\">\n<h3 class=\"wp-block-heading\" id=\"get-hydricard\">HydriCard for businesses<\/h3>\n\n\n\n<p class=\"has-body-font-size\">By using HydriCard, the company receives a monthly invoice with an overview of all refuelings. This provides a simple and practical solution for managing fuel costs.<\/p>\n\n\n\n<p>You can easily apply for a HydriCard using the form below. Contact our sales team to discuss the best solution for your company to reduce fuel costs and your carbon footprint.<\/p>\n<\/div>\n\n\n\n<div class=\"wp-block-column is-style-box-md is-layout-flow wp-block-column-is-layout-flow\" style=\"flex-basis:50%\">\n<h4 class=\"wp-block-heading\">Order HydriCard here<\/h4>\n\n\n\n<p>Read more about the terms and conditions of the HydriCard for Business card agreement.<\/p>\n\n\n\n<p>Order a HydriCard payment card for your company using the pdf form. Download the pdf form here, fill it in digitally, print it out to sign and send it to us at Hydri. The address is in the form.<\/p>\n\n\n\n<div class=\"wp-block-buttons is-layout-flex wp-block-buttons-is-layout-flex\">\n<div class=\"wp-block-button is-style-default\"><a class=\"wp-block-button__link wp-element-button\" href=\"https:\/\/hydri.energy\/wp-content\/uploads\/2024\/12\/Hydri_Avtal_Foretagskort_A4.pdf\" target=\"_blank\" rel=\"noreferrer noopener nofollow\">Download the application form<\/a><\/div>\n<\/div>\n<\/div>\n<\/div>\n\n\n\n<p><\/p>","protected":false},"excerpt":{"rendered":"<p>HydriCard HydriCard \u00e4r ett smidigt s\u00e4tt att f\u00e5 kontroll p\u00e5 br\u00e4nslef\u00f6rbrukningen och kostnaden f\u00f6r f\u00f6retagets fordon. HydriCard fungerar som ett betalkort med PIN-kod och kan anv\u00e4ndas f\u00f6r att betala f\u00f6r v\u00e4tgas p\u00e5 alla Hydris tankstationer i Sverige. HydriCard f\u00f6r f\u00f6retag Genom att anv\u00e4nda HydriCard f\u00e5r f\u00f6retaget en m\u00e5nadsfaktura med en samlad \u00f6versikt av alla tankningar. [&hellip;]<\/p>\n","protected":false},"author":2,"featured_media":751,"parent":0,"menu_order":0,"comment_status":"closed","ping_status":"closed","template":"page-no-title","meta":{"_acf_changed":false,"inline_featured_image":false,"footnotes":""},"class_list":["post-750","page","type-page","status-publish","has-post-thumbnail","hentry"],"acf":[],"yoast_head":"<!-- This site is optimized with the Yoast SEO plugin v27.3 - https:\/\/yoast.com\/product\/yoast-seo-wordpress\/ -->\n<title>HydriCard - Hydri Energy<\/title>\n<meta name=\"description\" content=\"HydriCard \u00e4r ett smidigt s\u00e4tt att f\u00e5 kontroll p\u00e5 br\u00e4nslef\u00f6rbrukningen och kostnaden f\u00f6r f\u00f6retagets fordon. L\u00e4s mer h\u00e4r!\" \/>\n<meta name=\"robots\" content=\"index, follow, max-snippet:-1, max-image-preview:large, max-video-preview:-1\" \/>\n<link rel=\"canonical\" href=\"https:\/\/hydri.energy\/en\/hydricard\/\" \/>\n<meta property=\"og:locale\" content=\"en_US\" \/>\n<meta property=\"og:type\" content=\"article\" \/>\n<meta property=\"og:title\" content=\"HydriCard - Hydri Energy\" \/>\n<meta property=\"og:description\" content=\"HydriCard \u00e4r ett smidigt s\u00e4tt att f\u00e5 kontroll p\u00e5 br\u00e4nslef\u00f6rbrukningen och kostnaden f\u00f6r f\u00f6retagets fordon. L\u00e4s mer h\u00e4r!\" \/>\n<meta property=\"og:url\" content=\"https:\/\/hydri.energy\/en\/hydricard\/\" \/>\n<meta property=\"og:site_name\" content=\"Hydri Energy\" \/>\n<meta property=\"article:modified_time\" content=\"2025-02-10T12:59:14+00:00\" \/>\n<meta property=\"og:image\" content=\"https:\/\/hydri.energy\/wp-content\/uploads\/2024\/12\/truck-forest-1440x960.jpg\" \/>\n\t<meta property=\"og:image:width\" content=\"1440\" \/>\n\t<meta property=\"og:image:height\" content=\"960\" \/>\n\t<meta property=\"og:image:type\" content=\"image\/jpeg\" \/>\n<meta name=\"twitter:card\" content=\"summary_large_image\" \/>\n<meta name=\"twitter:label1\" content=\"Est. reading time\" \/>\n\t<meta name=\"twitter:data1\" content=\"2 minutes\" \/>\n<script type=\"application\/ld+json\" class=\"yoast-schema-graph\">{\"@context\":\"https:\\\/\\\/schema.org\",\"@graph\":[{\"@type\":\"WebPage\",\"@id\":\"https:\\\/\\\/hydri.energy\\\/hydricard\\\/\",\"url\":\"https:\\\/\\\/hydri.energy\\\/hydricard\\\/\",\"name\":\"HydriCard - Hydri Energy\",\"isPartOf\":{\"@id\":\"https:\\\/\\\/hydri.energy\\\/#website\"},\"primaryImageOfPage\":{\"@id\":\"https:\\\/\\\/hydri.energy\\\/hydricard\\\/#primaryimage\"},\"image\":{\"@id\":\"https:\\\/\\\/hydri.energy\\\/hydricard\\\/#primaryimage\"},\"thumbnailUrl\":\"https:\\\/\\\/hydri.energy\\\/wp-content\\\/uploads\\\/2024\\\/12\\\/truck-forest.jpg\",\"datePublished\":\"2024-12-19T10:17:27+00:00\",\"dateModified\":\"2025-02-10T12:59:14+00:00\",\"description\":\"HydriCard \u00e4r ett smidigt s\u00e4tt att f\u00e5 kontroll p\u00e5 br\u00e4nslef\u00f6rbrukningen och kostnaden f\u00f6r f\u00f6retagets fordon. L\u00e4s mer h\u00e4r!\",\"breadcrumb\":{\"@id\":\"https:\\\/\\\/hydri.energy\\\/hydricard\\\/#breadcrumb\"},\"inLanguage\":\"en-US\",\"potentialAction\":[{\"@type\":\"ReadAction\",\"target\":[\"https:\\\/\\\/hydri.energy\\\/hydricard\\\/\"]}]},{\"@type\":\"ImageObject\",\"inLanguage\":\"en-US\",\"@id\":\"https:\\\/\\\/hydri.energy\\\/hydricard\\\/#primaryimage\",\"url\":\"https:\\\/\\\/hydri.energy\\\/wp-content\\\/uploads\\\/2024\\\/12\\\/truck-forest.jpg\",\"contentUrl\":\"https:\\\/\\\/hydri.energy\\\/wp-content\\\/uploads\\\/2024\\\/12\\\/truck-forest.jpg\",\"width\":2121,\"height\":1414,\"caption\":\"Large container truck driving along a highway. Lush forests while driving along the Trans Canadian Highway in British Columbia, Canada.\"},{\"@type\":\"BreadcrumbList\",\"@id\":\"https:\\\/\\\/hydri.energy\\\/hydricard\\\/#breadcrumb\",\"itemListElement\":[{\"@type\":\"ListItem\",\"position\":1,\"name\":\"Home\",\"item\":\"https:\\\/\\\/hydri.energy\\\/\"},{\"@type\":\"ListItem\",\"position\":2,\"name\":\"HydriCard\"}]},{\"@type\":\"WebSite\",\"@id\":\"https:\\\/\\\/hydri.energy\\\/#website\",\"url\":\"https:\\\/\\\/hydri.energy\\\/\",\"name\":\"Hydri Energy\",\"description\":\"The Hydrogen Powered Future is Here\",\"publisher\":{\"@id\":\"https:\\\/\\\/hydri.energy\\\/#organization\"},\"alternateName\":\"Hydri\",\"potentialAction\":[{\"@type\":\"SearchAction\",\"target\":{\"@type\":\"EntryPoint\",\"urlTemplate\":\"https:\\\/\\\/hydri.energy\\\/?s={search_term_string}\"},\"query-input\":{\"@type\":\"PropertyValueSpecification\",\"valueRequired\":true,\"valueName\":\"search_term_string\"}}],\"inLanguage\":\"en-US\"},{\"@type\":\"Organization\",\"@id\":\"https:\\\/\\\/hydri.energy\\\/#organization\",\"name\":\"Hydri Energy\",\"alternateName\":\"Hydri\",\"url\":\"https:\\\/\\\/hydri.energy\\\/\",\"logo\":{\"@type\":\"ImageObject\",\"inLanguage\":\"en-US\",\"@id\":\"https:\\\/\\\/hydri.energy\\\/#\\\/schema\\\/logo\\\/image\\\/\",\"url\":\"https:\\\/\\\/hydri.energy\\\/wp-content\\\/uploads\\\/2024\\\/08\\\/hydri-logo-1.svg\",\"contentUrl\":\"https:\\\/\\\/hydri.energy\\\/wp-content\\\/uploads\\\/2024\\\/08\\\/hydri-logo-1.svg\",\"caption\":\"Hydri Energy\"},\"image\":{\"@id\":\"https:\\\/\\\/hydri.energy\\\/#\\\/schema\\\/logo\\\/image\\\/\"},\"sameAs\":[\"https:\\\/\\\/www.linkedin.com\\\/company\\\/hydri\\\/\"]}]}<\/script>\n<!-- \/ Yoast SEO plugin. -->","yoast_head_json":{"title":"HydriCard - Hydri Energy","description":"HydriCard is a convenient way to keep track of fuel consumption and the cost of company vehicles. Find out more here!","robots":{"index":"index","follow":"follow","max-snippet":"max-snippet:-1","max-image-preview":"max-image-preview:large","max-video-preview":"max-video-preview:-1"},"canonical":"https:\/\/hydri.energy\/en\/hydricard\/","og_locale":"en_US","og_type":"article","og_title":"HydriCard - Hydri Energy","og_description":"HydriCard \u00e4r ett smidigt s\u00e4tt att f\u00e5 kontroll p\u00e5 br\u00e4nslef\u00f6rbrukningen och kostnaden f\u00f6r f\u00f6retagets fordon. L\u00e4s mer h\u00e4r!","og_url":"https:\/\/hydri.energy\/en\/hydricard\/","og_site_name":"Hydri Energy","article_modified_time":"2025-02-10T12:59:14+00:00","og_image":[{"width":1440,"height":960,"url":"https:\/\/hydri.energy\/wp-content\/uploads\/2024\/12\/truck-forest-1440x960.jpg","type":"image\/jpeg"}],"twitter_card":"summary_large_image","twitter_misc":{"Est. reading time":"2 minutes"},"schema":{"@context":"https:\/\/schema.org","@graph":[{"@type":"WebPage","@id":"https:\/\/hydri.energy\/hydricard\/","url":"https:\/\/hydri.energy\/hydricard\/","name":"HydriCard - Hydri Energy","isPartOf":{"@id":"https:\/\/hydri.energy\/#website"},"primaryImageOfPage":{"@id":"https:\/\/hydri.energy\/hydricard\/#primaryimage"},"image":{"@id":"https:\/\/hydri.energy\/hydricard\/#primaryimage"},"thumbnailUrl":"https:\/\/hydri.energy\/wp-content\/uploads\/2024\/12\/truck-forest.jpg","datePublished":"2024-12-19T10:17:27+00:00","dateModified":"2025-02-10T12:59:14+00:00","description":"HydriCard is a convenient way to keep track of fuel consumption and the cost of company vehicles. Find out more here!","breadcrumb":{"@id":"https:\/\/hydri.energy\/hydricard\/#breadcrumb"},"inLanguage":"en-US","potentialAction":[{"@type":"ReadAction","target":["https:\/\/hydri.energy\/hydricard\/"]}]},{"@type":"ImageObject","inLanguage":"en-US","@id":"https:\/\/hydri.energy\/hydricard\/#primaryimage","url":"https:\/\/hydri.energy\/wp-content\/uploads\/2024\/12\/truck-forest.jpg","contentUrl":"https:\/\/hydri.energy\/wp-content\/uploads\/2024\/12\/truck-forest.jpg","width":2121,"height":1414,"caption":"Large container truck driving along a highway. Lush forests while driving along the Trans Canadian Highway in British Columbia, Canada."},{"@type":"BreadcrumbList","@id":"https:\/\/hydri.energy\/hydricard\/#breadcrumb","itemListElement":[{"@type":"ListItem","position":1,"name":"Home","item":"https:\/\/hydri.energy\/"},{"@type":"ListItem","position":2,"name":"HydriCard"}]},{"@type":"WebSite","@id":"https:\/\/hydri.energy\/#website","url":"https:\/\/hydri.energy\/","name":"Hydri Energy","description":"The Hydrogen Powered Future is Here","publisher":{"@id":"https:\/\/hydri.energy\/#organization"},"alternateName":"Hydri","potentialAction":[{"@type":"SearchAction","target":{"@type":"EntryPoint","urlTemplate":"https:\/\/hydri.energy\/?s={search_term_string}"},"query-input":{"@type":"PropertyValueSpecification","valueRequired":true,"valueName":"search_term_string"}}],"inLanguage":"en-US"},{"@type":"Organization","@id":"https:\/\/hydri.energy\/#organization","name":"Hydri Energy","alternateName":"Hydri","url":"https:\/\/hydri.energy\/","logo":{"@type":"ImageObject","inLanguage":"en-US","@id":"https:\/\/hydri.energy\/#\/schema\/logo\/image\/","url":"https:\/\/hydri.energy\/wp-content\/uploads\/2024\/08\/hydri-logo-1.svg","contentUrl":"https:\/\/hydri.energy\/wp-content\/uploads\/2024\/08\/hydri-logo-1.svg","caption":"Hydri Energy"},"image":{"@id":"https:\/\/hydri.energy\/#\/schema\/logo\/image\/"},"sameAs":["https:\/\/www.linkedin.com\/company\/hydri\/"]}]}},"_links":{"self":[{"href":"https:\/\/hydri.energy\/en\/wp-json\/wp\/v2\/pages\/750","targetHints":{"allow":["GET"]}}],"collection":[{"href":"https:\/\/hydri.energy\/en\/wp-json\/wp\/v2\/pages"}],"about":[{"href":"https:\/\/hydri.energy\/en\/wp-json\/wp\/v2\/types\/page"}],"author":[{"embeddable":true,"href":"https:\/\/hydri.energy\/en\/wp-json\/wp\/v2\/users\/2"}],"replies":[{"embeddable":true,"href":"https:\/\/hydri.energy\/en\/wp-json\/wp\/v2\/comments?post=750"}],"version-history":[{"count":0,"href":"https:\/\/hydri.energy\/en\/wp-json\/wp\/v2\/pages\/750\/revisions"}],"wp:featuredmedia":[{"embeddable":true,"href":"https:\/\/hydri.energy\/en\/wp-json\/wp\/v2\/media\/751"}],"wp:attachment":[{"href":"https:\/\/hydri.energy\/en\/wp-json\/wp\/v2\/media?parent=750"}],"curies":[{"name":"wp","href":"https:\/\/api.w.org\/{rel}","templated":true}]}}